{"id":3333,"date":"2022-03-28T11:31:35","date_gmt":"2022-03-28T09:31:35","guid":{"rendered":"https:\/\/www.chateaulegrandverdus.com\/?post_type=product&#038;p=3333"},"modified":"2026-01-27T09:43:32","modified_gmt":"2026-01-27T08:43:32","slug":"pet-nat-blanc-de-noirs","status":"publish","type":"product","link":"https:\/\/www.chateaulegrandverdus.com\/en\/produit\/pet-nat-blanc-de-noirs\/","title":{"rendered":"Les Petites Bulles | Pet&#8217; Nat BIO"},"content":{"rendered":"","protected":false},"excerpt":{"rendered":"","protected":false},"featured_media":3031,"template":"","meta":{"_acf_changed":false},"product_brand":[],"product_cat":[50],"class_list":{"0":"post-3333","1":"product","2":"type-product","3":"status-publish","4":"has-post-thumbnail","6":"product_cat-vins","7":"product_tag-carre-dagneau","8":"product_tag-cote-de-boeuf","9":"product_tag-gibiers","10":"pa_format-1-bouteille","11":"gamme-les-parcellaires","12":"appellation-vin-de-france","13":"chateau-chateau-le-grand-verdus","14":"format-bouteille","15":"certification-bio","17":"first","18":"instock","19":"taxable","20":"shipping-taxable","21":"purchasable","22":"product-type-simple"},"acf":[],"yoast_head":"<!-- This site is optimized with the Yoast SEO plugin v27.5 - https:\/\/yoast.com\/product\/yoast-seo-wordpress\/ -->\n<title>Les Petites Bulles | Pet&#039; Nat BIO &#8226; Ch\u00e2teau Le Grand Verdus<\/title>\n<meta name=\"description\" content=\"PET NAT, Blanc de Noirs \u00e0 Bordeaux. N\u00e9 dans l\u2019id\u00e9e de cr\u00e9er des bulles faciles \u00e0 vivre, pleines d\u2019ondes positives. Pas de stress, chill, c\u2019est tout !\" \/>\n<meta name=\"robots\" content=\"index, follow, max-snippet:-1, max-image-preview:large, max-video-preview:-1\" \/>\n<link rel=\"canonical\" href=\"https:\/\/www.chateaulegrandverdus.com\/en\/produit\/pet-nat-blanc-de-noirs\/\" \/>\n<meta property=\"og:locale\" content=\"en_US\" \/>\n<meta property=\"og:type\" content=\"article\" \/>\n<meta property=\"og:title\" content=\"Les Petites Bulles | Pet&#039; Nat BIO &#8226; Ch\u00e2teau Le Grand Verdus\" \/>\n<meta property=\"og:description\" content=\"PET NAT, Blanc de Noirs \u00e0 Bordeaux. N\u00e9 dans l\u2019id\u00e9e de cr\u00e9er des bulles faciles \u00e0 vivre, pleines d\u2019ondes positives. Pas de stress, chill, c\u2019est tout !\" \/>\n<meta property=\"og:url\" content=\"https:\/\/www.chateaulegrandverdus.com\/en\/produit\/pet-nat-blanc-de-noirs\/\" \/>\n<meta property=\"og:site_name\" content=\"Ch\u00e2teau Le Grand Verdus\" \/>\n<meta property=\"article:modified_time\" content=\"2026-01-27T08:43:32+00:00\" \/>\n<meta property=\"og:image\" content=\"https:\/\/www.chateaulegrandverdus.com\/wp-content\/uploads\/2022\/02\/PET-NAT-GRAND-VERDUS.png\" \/>\n\t<meta property=\"og:image:width\" content=\"300\" \/>\n\t<meta property=\"og:image:height\" content=\"726\" \/>\n\t<meta property=\"og:image:type\" content=\"image\/png\" \/>\n<meta name=\"twitter:card\" content=\"summary_large_image\" \/>\n<meta name=\"twitter:label1\" content=\"Est. reading time\" \/>\n\t<meta name=\"twitter:data1\" content=\"1 minute\" \/>\n<script type=\"application\/ld+json\" class=\"yoast-schema-graph\">{\"@context\":\"https:\\\/\\\/schema.org\",\"@graph\":[{\"@type\":\"WebPage\",\"@id\":\"https:\\\/\\\/www.chateaulegrandverdus.com\\\/en\\\/produit\\\/pet-nat-blanc-de-noirs\\\/\",\"url\":\"https:\\\/\\\/www.chateaulegrandverdus.com\\\/en\\\/produit\\\/pet-nat-blanc-de-noirs\\\/\",\"name\":\"Les Petites Bulles | Pet' Nat BIO &#8226; Ch\u00e2teau Le Grand Verdus\",\"isPartOf\":{\"@id\":\"https:\\\/\\\/www.chateaulegrandverdus.com\\\/en\\\/#website\"},\"primaryImageOfPage\":{\"@id\":\"https:\\\/\\\/www.chateaulegrandverdus.com\\\/en\\\/produit\\\/pet-nat-blanc-de-noirs\\\/#primaryimage\"},\"image\":{\"@id\":\"https:\\\/\\\/www.chateaulegrandverdus.com\\\/en\\\/produit\\\/pet-nat-blanc-de-noirs\\\/#primaryimage\"},\"thumbnailUrl\":\"https:\\\/\\\/www.chateaulegrandverdus.com\\\/wp-content\\\/uploads\\\/2022\\\/02\\\/PET-NAT-GRAND-VERDUS.png\",\"datePublished\":\"2022-03-28T09:31:35+00:00\",\"dateModified\":\"2026-01-27T08:43:32+00:00\",\"description\":\"PET NAT, Blanc de Noirs \u00e0 Bordeaux. N\u00e9 dans l\u2019id\u00e9e de cr\u00e9er des bulles faciles \u00e0 vivre, pleines d\u2019ondes positives. Pas de stress, chill, c\u2019est tout !\",\"breadcrumb\":{\"@id\":\"https:\\\/\\\/www.chateaulegrandverdus.com\\\/en\\\/produit\\\/pet-nat-blanc-de-noirs\\\/#breadcrumb\"},\"inLanguage\":\"en-US\",\"potentialAction\":[{\"@type\":\"ReadAction\",\"target\":[\"https:\\\/\\\/www.chateaulegrandverdus.com\\\/en\\\/produit\\\/pet-nat-blanc-de-noirs\\\/\"]}]},{\"@type\":\"ImageObject\",\"inLanguage\":\"en-US\",\"@id\":\"https:\\\/\\\/www.chateaulegrandverdus.com\\\/en\\\/produit\\\/pet-nat-blanc-de-noirs\\\/#primaryimage\",\"url\":\"https:\\\/\\\/www.chateaulegrandverdus.com\\\/wp-content\\\/uploads\\\/2022\\\/02\\\/PET-NAT-GRAND-VERDUS.png\",\"contentUrl\":\"https:\\\/\\\/www.chateaulegrandverdus.com\\\/wp-content\\\/uploads\\\/2022\\\/02\\\/PET-NAT-GRAND-VERDUS.png\",\"width\":300,\"height\":726},{\"@type\":\"BreadcrumbList\",\"@id\":\"https:\\\/\\\/www.chateaulegrandverdus.com\\\/en\\\/produit\\\/pet-nat-blanc-de-noirs\\\/#breadcrumb\",\"itemListElement\":[{\"@type\":\"ListItem\",\"position\":1,\"name\":\"Accueil\",\"item\":\"https:\\\/\\\/www.chateaulegrandverdus.com\\\/en\\\/\"},{\"@type\":\"ListItem\",\"position\":2,\"name\":\"e-Boutique\",\"item\":\"https:\\\/\\\/www.chateaulegrandverdus.com\\\/e-boutique\\\/\"},{\"@type\":\"ListItem\",\"position\":3,\"name\":\"Les Petites Bulles | Pet&rsquo; Nat BIO\"}]},{\"@type\":\"WebSite\",\"@id\":\"https:\\\/\\\/www.chateaulegrandverdus.com\\\/en\\\/#website\",\"url\":\"https:\\\/\\\/www.chateaulegrandverdus.com\\\/en\\\/\",\"name\":\"Ch\u00e2teau Le Grand Verdus\",\"description\":\"\",\"publisher\":{\"@id\":\"https:\\\/\\\/www.chateaulegrandverdus.com\\\/en\\\/#organization\"},\"potentialAction\":[{\"@type\":\"SearchAction\",\"target\":{\"@type\":\"EntryPoint\",\"urlTemplate\":\"https:\\\/\\\/www.chateaulegrandverdus.com\\\/en\\\/?s={search_term_string}\"},\"query-input\":{\"@type\":\"PropertyValueSpecification\",\"valueRequired\":true,\"valueName\":\"search_term_string\"}}],\"inLanguage\":\"en-US\"},{\"@type\":\"Organization\",\"@id\":\"https:\\\/\\\/www.chateaulegrandverdus.com\\\/en\\\/#organization\",\"name\":\"Ch\u00e2teau Le Grand Verdus\",\"url\":\"https:\\\/\\\/www.chateaulegrandverdus.com\\\/en\\\/\",\"logo\":{\"@type\":\"ImageObject\",\"inLanguage\":\"en-US\",\"@id\":\"https:\\\/\\\/www.chateaulegrandverdus.com\\\/en\\\/#\\\/schema\\\/logo\\\/image\\\/\",\"url\":\"https:\\\/\\\/www.chateaulegrandverdus.com\\\/wp-content\\\/uploads\\\/2020\\\/12\\\/logo-le-grand-verdus.png\",\"contentUrl\":\"https:\\\/\\\/www.chateaulegrandverdus.com\\\/wp-content\\\/uploads\\\/2020\\\/12\\\/logo-le-grand-verdus.png\",\"width\":200,\"height\":109,\"caption\":\"Ch\u00e2teau Le Grand Verdus\"},\"image\":{\"@id\":\"https:\\\/\\\/www.chateaulegrandverdus.com\\\/en\\\/#\\\/schema\\\/logo\\\/image\\\/\"}}]}<\/script>\n<!-- \/ Yoast SEO plugin. -->","yoast_head_json":{"title":"Les Petites Bulles | Pet' Nat BIO &#8226; Ch\u00e2teau Le Grand Verdus","description":"PET NAT, Blanc de Noirs \u00e0 Bordeaux. N\u00e9 dans l\u2019id\u00e9e de cr\u00e9er des bulles faciles \u00e0 vivre, pleines d\u2019ondes positives. Pas de stress, chill, c\u2019est tout !","robots":{"index":"index","follow":"follow","max-snippet":"max-snippet:-1","max-image-preview":"max-image-preview:large","max-video-preview":"max-video-preview:-1"},"canonical":"https:\/\/www.chateaulegrandverdus.com\/en\/produit\/pet-nat-blanc-de-noirs\/","og_locale":"en_US","og_type":"article","og_title":"Les Petites Bulles | Pet' Nat BIO &#8226; Ch\u00e2teau Le Grand Verdus","og_description":"PET NAT, Blanc de Noirs \u00e0 Bordeaux. N\u00e9 dans l\u2019id\u00e9e de cr\u00e9er des bulles faciles \u00e0 vivre, pleines d\u2019ondes positives. Pas de stress, chill, c\u2019est tout !","og_url":"https:\/\/www.chateaulegrandverdus.com\/en\/produit\/pet-nat-blanc-de-noirs\/","og_site_name":"Ch\u00e2teau Le Grand Verdus","article_modified_time":"2026-01-27T08:43:32+00:00","og_image":[{"width":300,"height":726,"url":"https:\/\/www.chateaulegrandverdus.com\/wp-content\/uploads\/2022\/02\/PET-NAT-GRAND-VERDUS.png","type":"image\/png"}],"twitter_card":"summary_large_image","twitter_misc":{"Est. reading time":"1 minute"},"schema":{"@context":"https:\/\/schema.org","@graph":[{"@type":"WebPage","@id":"https:\/\/www.chateaulegrandverdus.com\/en\/produit\/pet-nat-blanc-de-noirs\/","url":"https:\/\/www.chateaulegrandverdus.com\/en\/produit\/pet-nat-blanc-de-noirs\/","name":"Les Petites Bulles | Pet' Nat BIO &#8226; Ch\u00e2teau Le Grand Verdus","isPartOf":{"@id":"https:\/\/www.chateaulegrandverdus.com\/en\/#website"},"primaryImageOfPage":{"@id":"https:\/\/www.chateaulegrandverdus.com\/en\/produit\/pet-nat-blanc-de-noirs\/#primaryimage"},"image":{"@id":"https:\/\/www.chateaulegrandverdus.com\/en\/produit\/pet-nat-blanc-de-noirs\/#primaryimage"},"thumbnailUrl":"https:\/\/www.chateaulegrandverdus.com\/wp-content\/uploads\/2022\/02\/PET-NAT-GRAND-VERDUS.png","datePublished":"2022-03-28T09:31:35+00:00","dateModified":"2026-01-27T08:43:32+00:00","description":"PET NAT, Blanc de Noirs \u00e0 Bordeaux. N\u00e9 dans l\u2019id\u00e9e de cr\u00e9er des bulles faciles \u00e0 vivre, pleines d\u2019ondes positives. Pas de stress, chill, c\u2019est tout !","breadcrumb":{"@id":"https:\/\/www.chateaulegrandverdus.com\/en\/produit\/pet-nat-blanc-de-noirs\/#breadcrumb"},"inLanguage":"en-US","potentialAction":[{"@type":"ReadAction","target":["https:\/\/www.chateaulegrandverdus.com\/en\/produit\/pet-nat-blanc-de-noirs\/"]}]},{"@type":"ImageObject","inLanguage":"en-US","@id":"https:\/\/www.chateaulegrandverdus.com\/en\/produit\/pet-nat-blanc-de-noirs\/#primaryimage","url":"https:\/\/www.chateaulegrandverdus.com\/wp-content\/uploads\/2022\/02\/PET-NAT-GRAND-VERDUS.png","contentUrl":"https:\/\/www.chateaulegrandverdus.com\/wp-content\/uploads\/2022\/02\/PET-NAT-GRAND-VERDUS.png","width":300,"height":726},{"@type":"BreadcrumbList","@id":"https:\/\/www.chateaulegrandverdus.com\/en\/produit\/pet-nat-blanc-de-noirs\/#breadcrumb","itemListElement":[{"@type":"ListItem","position":1,"name":"Accueil","item":"https:\/\/www.chateaulegrandverdus.com\/en\/"},{"@type":"ListItem","position":2,"name":"e-Boutique","item":"https:\/\/www.chateaulegrandverdus.com\/e-boutique\/"},{"@type":"ListItem","position":3,"name":"Les Petites Bulles | Pet&rsquo; Nat BIO"}]},{"@type":"WebSite","@id":"https:\/\/www.chateaulegrandverdus.com\/en\/#website","url":"https:\/\/www.chateaulegrandverdus.com\/en\/","name":"Ch\u00e2teau Le Grand Verdus","description":"","publisher":{"@id":"https:\/\/www.chateaulegrandverdus.com\/en\/#organization"},"potentialAction":[{"@type":"SearchAction","target":{"@type":"EntryPoint","urlTemplate":"https:\/\/www.chateaulegrandverdus.com\/en\/?s={search_term_string}"},"query-input":{"@type":"PropertyValueSpecification","valueRequired":true,"valueName":"search_term_string"}}],"inLanguage":"en-US"},{"@type":"Organization","@id":"https:\/\/www.chateaulegrandverdus.com\/en\/#organization","name":"Ch\u00e2teau Le Grand Verdus","url":"https:\/\/www.chateaulegrandverdus.com\/en\/","logo":{"@type":"ImageObject","inLanguage":"en-US","@id":"https:\/\/www.chateaulegrandverdus.com\/en\/#\/schema\/logo\/image\/","url":"https:\/\/www.chateaulegrandverdus.com\/wp-content\/uploads\/2020\/12\/logo-le-grand-verdus.png","contentUrl":"https:\/\/www.chateaulegrandverdus.com\/wp-content\/uploads\/2020\/12\/logo-le-grand-verdus.png","width":200,"height":109,"caption":"Ch\u00e2teau Le Grand Verdus"},"image":{"@id":"https:\/\/www.chateaulegrandverdus.com\/en\/#\/schema\/logo\/image\/"}}]}},"_links":{"self":[{"href":"https:\/\/www.chateaulegrandverdus.com\/en\/wp-json\/wp\/v2\/product\/3333","targetHints":{"allow":["GET"]}}],"collection":[{"href":"https:\/\/www.chateaulegrandverdus.com\/en\/wp-json\/wp\/v2\/product"}],"about":[{"href":"https:\/\/www.chateaulegrandverdus.com\/en\/wp-json\/wp\/v2\/types\/product"}],"wp:featuredmedia":[{"embeddable":true,"href":"https:\/\/www.chateaulegrandverdus.com\/en\/wp-json\/wp\/v2\/media\/3031"}],"wp:attachment":[{"href":"https:\/\/www.chateaulegrandverdus.com\/en\/wp-json\/wp\/v2\/media?parent=3333"}],"wp:term":[{"taxonomy":"product_brand","embeddable":true,"href":"https:\/\/www.chateaulegrandverdus.com\/en\/wp-json\/wp\/v2\/product_brand?post=3333"},{"taxonomy":"product_cat","embeddable":true,"href":"https:\/\/www.chateaulegrandverdus.com\/en\/wp-json\/wp\/v2\/product_cat?post=3333"}],"curies":[{"name":"wp","href":"https:\/\/api.w.org\/{rel}","templated":true}]}}