{"id":3624,"date":"2022-11-23T14:03:17","date_gmt":"2022-11-23T13:03:17","guid":{"rendered":"https:\/\/www.chateaulegrandverdus.com\/?post_type=product&#038;p=3624"},"modified":"2025-11-05T11:53:16","modified_gmt":"2025-11-05T10:53:16","slug":"grand-verdus-rouge-magnum","status":"publish","type":"product","link":"https:\/\/www.chateaulegrandverdus.com\/en\/produit\/grand-verdus-rouge-magnum\/","title":{"rendered":"MAGNUM <br> Grand Verdus Rouge"},"content":{"rendered":"<p>Gourmandise, rondeur et puret\u00e9 aromatique. Ce vin refl\u00e8te toute la palette de nos terroirs. Il est intense et frais, aux multiples senteurs de fruits rouges, d\u2019\u00e9pices ou de r\u00e9glisse. Souple en bouche et instantan\u00e9ment plaisant<\/p>\n","protected":false},"excerpt":{"rendered":"Gourmandise, rondeur et puret\u00e9 aromatique. Ce vin refl\u00e8te toute la palette de nos terroirs. Il est intense et frais, aux multiples senteurs de fruits rouges, d\u2019\u00e9pices ou de r\u00e9glisse. Souple en bouche et instantan\u00e9ment plaisant","protected":false},"featured_media":1351,"template":"","meta":{"_acf_changed":false},"product_brand":[],"product_cat":[50],"class_list":{"0":"post-3624","1":"product","2":"type-product","3":"status-publish","4":"has-post-thumbnail","6":"product_cat-vins","7":"pa_format-1-magnum","8":"gamme-3-couleurs","9":"appellation-bordeaux-superieur","10":"chateau-bordeaux-superieur","11":"vin-bordeaux-superieur","12":"format-magnum","14":"first","15":"instock","16":"taxable","17":"shipping-taxable","18":"purchasable","19":"product-type-simple"},"acf":[],"yoast_head":"<!-- This site is optimized with the Yoast SEO plugin v27.5 - https:\/\/yoast.com\/product\/yoast-seo-wordpress\/ -->\n<title>MAGNUM  Grand Verdus Rouge &#8226; Ch\u00e2teau Le Grand Verdus<\/title>\n<meta name=\"description\" content=\"Gourmandise, rondeur et puret\u00e9 aromatique. Ce vin refl\u00e8te toute la palette de nos terroirs. Il est intense et frais, aux multiples senteurs de fruits rouges, d\u2019\u00e9pices ou de r\u00e9glisse. Souple en bouche et instantan\u00e9ment plaisant\" \/>\n<meta name=\"robots\" content=\"index, follow, max-snippet:-1, max-image-preview:large, max-video-preview:-1\" \/>\n<link rel=\"canonical\" href=\"https:\/\/www.chateaulegrandverdus.com\/en\/produit\/grand-verdus-rouge-magnum\/\" \/>\n<meta property=\"og:locale\" content=\"en_US\" \/>\n<meta property=\"og:type\" content=\"article\" \/>\n<meta property=\"og:title\" content=\"MAGNUM  Grand Verdus Rouge &#8226; Ch\u00e2teau Le Grand Verdus\" \/>\n<meta property=\"og:description\" content=\"Gourmandise, rondeur et puret\u00e9 aromatique. Ce vin refl\u00e8te toute la palette de nos terroirs. Il est intense et frais, aux multiples senteurs de fruits rouges, d\u2019\u00e9pices ou de r\u00e9glisse. Souple en bouche et instantan\u00e9ment plaisant\" \/>\n<meta property=\"og:url\" content=\"https:\/\/www.chateaulegrandverdus.com\/en\/produit\/grand-verdus-rouge-magnum\/\" \/>\n<meta property=\"og:site_name\" content=\"Ch\u00e2teau Le Grand Verdus\" \/>\n<meta property=\"article:modified_time\" content=\"2025-11-05T10:53:16+00:00\" \/>\n<meta property=\"og:image\" content=\"https:\/\/www.chateaulegrandverdus.com\/wp-content\/uploads\/2020\/12\/CHATEAU-LE-GRAND-VERDUS-BDX-SUP-2.png\" \/>\n\t<meta property=\"og:image:width\" content=\"300\" \/>\n\t<meta property=\"og:image:height\" content=\"745\" \/>\n\t<meta property=\"og:image:type\" content=\"image\/png\" \/>\n<meta name=\"twitter:card\" content=\"summary_large_image\" \/>\n<meta name=\"twitter:label1\" content=\"Est. reading time\" \/>\n\t<meta name=\"twitter:data1\" content=\"1 minute\" \/>\n<script type=\"application\/ld+json\" class=\"yoast-schema-graph\">{\"@context\":\"https:\\\/\\\/schema.org\",\"@graph\":[{\"@type\":\"WebPage\",\"@id\":\"https:\\\/\\\/www.chateaulegrandverdus.com\\\/en\\\/produit\\\/grand-verdus-rouge-magnum\\\/\",\"url\":\"https:\\\/\\\/www.chateaulegrandverdus.com\\\/en\\\/produit\\\/grand-verdus-rouge-magnum\\\/\",\"name\":\"MAGNUM Grand Verdus Rouge &#8226; Ch\u00e2teau Le Grand Verdus\",\"isPartOf\":{\"@id\":\"https:\\\/\\\/www.chateaulegrandverdus.com\\\/en\\\/#website\"},\"primaryImageOfPage\":{\"@id\":\"https:\\\/\\\/www.chateaulegrandverdus.com\\\/en\\\/produit\\\/grand-verdus-rouge-magnum\\\/#primaryimage\"},\"image\":{\"@id\":\"https:\\\/\\\/www.chateaulegrandverdus.com\\\/en\\\/produit\\\/grand-verdus-rouge-magnum\\\/#primaryimage\"},\"thumbnailUrl\":\"https:\\\/\\\/www.chateaulegrandverdus.com\\\/wp-content\\\/uploads\\\/2020\\\/12\\\/CHATEAU-LE-GRAND-VERDUS-BDX-SUP-2.png\",\"datePublished\":\"2022-11-23T13:03:17+00:00\",\"dateModified\":\"2025-11-05T10:53:16+00:00\",\"description\":\"Gourmandise, rondeur et puret\u00e9 aromatique. Ce vin refl\u00e8te toute la palette de nos terroirs. Il est intense et frais, aux multiples senteurs de fruits rouges, d\u2019\u00e9pices ou de r\u00e9glisse. Souple en bouche et instantan\u00e9ment plaisant\",\"breadcrumb\":{\"@id\":\"https:\\\/\\\/www.chateaulegrandverdus.com\\\/en\\\/produit\\\/grand-verdus-rouge-magnum\\\/#breadcrumb\"},\"inLanguage\":\"en-US\",\"potentialAction\":[{\"@type\":\"ReadAction\",\"target\":[\"https:\\\/\\\/www.chateaulegrandverdus.com\\\/en\\\/produit\\\/grand-verdus-rouge-magnum\\\/\"]}]},{\"@type\":\"ImageObject\",\"inLanguage\":\"en-US\",\"@id\":\"https:\\\/\\\/www.chateaulegrandverdus.com\\\/en\\\/produit\\\/grand-verdus-rouge-magnum\\\/#primaryimage\",\"url\":\"https:\\\/\\\/www.chateaulegrandverdus.com\\\/wp-content\\\/uploads\\\/2020\\\/12\\\/CHATEAU-LE-GRAND-VERDUS-BDX-SUP-2.png\",\"contentUrl\":\"https:\\\/\\\/www.chateaulegrandverdus.com\\\/wp-content\\\/uploads\\\/2020\\\/12\\\/CHATEAU-LE-GRAND-VERDUS-BDX-SUP-2.png\",\"width\":300,\"height\":745},{\"@type\":\"BreadcrumbList\",\"@id\":\"https:\\\/\\\/www.chateaulegrandverdus.com\\\/en\\\/produit\\\/grand-verdus-rouge-magnum\\\/#breadcrumb\",\"itemListElement\":[{\"@type\":\"ListItem\",\"position\":1,\"name\":\"Accueil\",\"item\":\"https:\\\/\\\/www.chateaulegrandverdus.com\\\/en\\\/\"},{\"@type\":\"ListItem\",\"position\":2,\"name\":\"e-Boutique\",\"item\":\"https:\\\/\\\/www.chateaulegrandverdus.com\\\/e-boutique\\\/\"},{\"@type\":\"ListItem\",\"position\":3,\"name\":\"MAGNUM Grand Verdus Rouge\"}]},{\"@type\":\"WebSite\",\"@id\":\"https:\\\/\\\/www.chateaulegrandverdus.com\\\/en\\\/#website\",\"url\":\"https:\\\/\\\/www.chateaulegrandverdus.com\\\/en\\\/\",\"name\":\"Ch\u00e2teau Le Grand Verdus\",\"description\":\"\",\"publisher\":{\"@id\":\"https:\\\/\\\/www.chateaulegrandverdus.com\\\/en\\\/#organization\"},\"potentialAction\":[{\"@type\":\"SearchAction\",\"target\":{\"@type\":\"EntryPoint\",\"urlTemplate\":\"https:\\\/\\\/www.chateaulegrandverdus.com\\\/en\\\/?s={search_term_string}\"},\"query-input\":{\"@type\":\"PropertyValueSpecification\",\"valueRequired\":true,\"valueName\":\"search_term_string\"}}],\"inLanguage\":\"en-US\"},{\"@type\":\"Organization\",\"@id\":\"https:\\\/\\\/www.chateaulegrandverdus.com\\\/en\\\/#organization\",\"name\":\"Ch\u00e2teau Le Grand Verdus\",\"url\":\"https:\\\/\\\/www.chateaulegrandverdus.com\\\/en\\\/\",\"logo\":{\"@type\":\"ImageObject\",\"inLanguage\":\"en-US\",\"@id\":\"https:\\\/\\\/www.chateaulegrandverdus.com\\\/en\\\/#\\\/schema\\\/logo\\\/image\\\/\",\"url\":\"https:\\\/\\\/www.chateaulegrandverdus.com\\\/wp-content\\\/uploads\\\/2020\\\/12\\\/logo-le-grand-verdus.png\",\"contentUrl\":\"https:\\\/\\\/www.chateaulegrandverdus.com\\\/wp-content\\\/uploads\\\/2020\\\/12\\\/logo-le-grand-verdus.png\",\"width\":200,\"height\":109,\"caption\":\"Ch\u00e2teau Le Grand Verdus\"},\"image\":{\"@id\":\"https:\\\/\\\/www.chateaulegrandverdus.com\\\/en\\\/#\\\/schema\\\/logo\\\/image\\\/\"}}]}<\/script>\n<!-- \/ Yoast SEO plugin. -->","yoast_head_json":{"title":"MAGNUM  Grand Verdus Rouge &#8226; Ch\u00e2teau Le Grand Verdus","description":"Gourmandise, rondeur et puret\u00e9 aromatique. Ce vin refl\u00e8te toute la palette de nos terroirs. Il est intense et frais, aux multiples senteurs de fruits rouges, d\u2019\u00e9pices ou de r\u00e9glisse. Souple en bouche et instantan\u00e9ment plaisant","robots":{"index":"index","follow":"follow","max-snippet":"max-snippet:-1","max-image-preview":"max-image-preview:large","max-video-preview":"max-video-preview:-1"},"canonical":"https:\/\/www.chateaulegrandverdus.com\/en\/produit\/grand-verdus-rouge-magnum\/","og_locale":"en_US","og_type":"article","og_title":"MAGNUM  Grand Verdus Rouge &#8226; Ch\u00e2teau Le Grand Verdus","og_description":"Gourmandise, rondeur et puret\u00e9 aromatique. Ce vin refl\u00e8te toute la palette de nos terroirs. Il est intense et frais, aux multiples senteurs de fruits rouges, d\u2019\u00e9pices ou de r\u00e9glisse. Souple en bouche et instantan\u00e9ment plaisant","og_url":"https:\/\/www.chateaulegrandverdus.com\/en\/produit\/grand-verdus-rouge-magnum\/","og_site_name":"Ch\u00e2teau Le Grand Verdus","article_modified_time":"2025-11-05T10:53:16+00:00","og_image":[{"width":300,"height":745,"url":"https:\/\/www.chateaulegrandverdus.com\/wp-content\/uploads\/2020\/12\/CHATEAU-LE-GRAND-VERDUS-BDX-SUP-2.png","type":"image\/png"}],"twitter_card":"summary_large_image","twitter_misc":{"Est. reading time":"1 minute"},"schema":{"@context":"https:\/\/schema.org","@graph":[{"@type":"WebPage","@id":"https:\/\/www.chateaulegrandverdus.com\/en\/produit\/grand-verdus-rouge-magnum\/","url":"https:\/\/www.chateaulegrandverdus.com\/en\/produit\/grand-verdus-rouge-magnum\/","name":"MAGNUM Grand Verdus Rouge &#8226; Ch\u00e2teau Le Grand Verdus","isPartOf":{"@id":"https:\/\/www.chateaulegrandverdus.com\/en\/#website"},"primaryImageOfPage":{"@id":"https:\/\/www.chateaulegrandverdus.com\/en\/produit\/grand-verdus-rouge-magnum\/#primaryimage"},"image":{"@id":"https:\/\/www.chateaulegrandverdus.com\/en\/produit\/grand-verdus-rouge-magnum\/#primaryimage"},"thumbnailUrl":"https:\/\/www.chateaulegrandverdus.com\/wp-content\/uploads\/2020\/12\/CHATEAU-LE-GRAND-VERDUS-BDX-SUP-2.png","datePublished":"2022-11-23T13:03:17+00:00","dateModified":"2025-11-05T10:53:16+00:00","description":"Gourmandise, rondeur et puret\u00e9 aromatique. Ce vin refl\u00e8te toute la palette de nos terroirs. Il est intense et frais, aux multiples senteurs de fruits rouges, d\u2019\u00e9pices ou de r\u00e9glisse. Souple en bouche et instantan\u00e9ment plaisant","breadcrumb":{"@id":"https:\/\/www.chateaulegrandverdus.com\/en\/produit\/grand-verdus-rouge-magnum\/#breadcrumb"},"inLanguage":"en-US","potentialAction":[{"@type":"ReadAction","target":["https:\/\/www.chateaulegrandverdus.com\/en\/produit\/grand-verdus-rouge-magnum\/"]}]},{"@type":"ImageObject","inLanguage":"en-US","@id":"https:\/\/www.chateaulegrandverdus.com\/en\/produit\/grand-verdus-rouge-magnum\/#primaryimage","url":"https:\/\/www.chateaulegrandverdus.com\/wp-content\/uploads\/2020\/12\/CHATEAU-LE-GRAND-VERDUS-BDX-SUP-2.png","contentUrl":"https:\/\/www.chateaulegrandverdus.com\/wp-content\/uploads\/2020\/12\/CHATEAU-LE-GRAND-VERDUS-BDX-SUP-2.png","width":300,"height":745},{"@type":"BreadcrumbList","@id":"https:\/\/www.chateaulegrandverdus.com\/en\/produit\/grand-verdus-rouge-magnum\/#breadcrumb","itemListElement":[{"@type":"ListItem","position":1,"name":"Accueil","item":"https:\/\/www.chateaulegrandverdus.com\/en\/"},{"@type":"ListItem","position":2,"name":"e-Boutique","item":"https:\/\/www.chateaulegrandverdus.com\/e-boutique\/"},{"@type":"ListItem","position":3,"name":"MAGNUM Grand Verdus Rouge"}]},{"@type":"WebSite","@id":"https:\/\/www.chateaulegrandverdus.com\/en\/#website","url":"https:\/\/www.chateaulegrandverdus.com\/en\/","name":"Ch\u00e2teau Le Grand Verdus","description":"","publisher":{"@id":"https:\/\/www.chateaulegrandverdus.com\/en\/#organization"},"potentialAction":[{"@type":"SearchAction","target":{"@type":"EntryPoint","urlTemplate":"https:\/\/www.chateaulegrandverdus.com\/en\/?s={search_term_string}"},"query-input":{"@type":"PropertyValueSpecification","valueRequired":true,"valueName":"search_term_string"}}],"inLanguage":"en-US"},{"@type":"Organization","@id":"https:\/\/www.chateaulegrandverdus.com\/en\/#organization","name":"Ch\u00e2teau Le Grand Verdus","url":"https:\/\/www.chateaulegrandverdus.com\/en\/","logo":{"@type":"ImageObject","inLanguage":"en-US","@id":"https:\/\/www.chateaulegrandverdus.com\/en\/#\/schema\/logo\/image\/","url":"https:\/\/www.chateaulegrandverdus.com\/wp-content\/uploads\/2020\/12\/logo-le-grand-verdus.png","contentUrl":"https:\/\/www.chateaulegrandverdus.com\/wp-content\/uploads\/2020\/12\/logo-le-grand-verdus.png","width":200,"height":109,"caption":"Ch\u00e2teau Le Grand Verdus"},"image":{"@id":"https:\/\/www.chateaulegrandverdus.com\/en\/#\/schema\/logo\/image\/"}}]}},"_links":{"self":[{"href":"https:\/\/www.chateaulegrandverdus.com\/en\/wp-json\/wp\/v2\/product\/3624","targetHints":{"allow":["GET"]}}],"collection":[{"href":"https:\/\/www.chateaulegrandverdus.com\/en\/wp-json\/wp\/v2\/product"}],"about":[{"href":"https:\/\/www.chateaulegrandverdus.com\/en\/wp-json\/wp\/v2\/types\/product"}],"wp:featuredmedia":[{"embeddable":true,"href":"https:\/\/www.chateaulegrandverdus.com\/en\/wp-json\/wp\/v2\/media\/1351"}],"wp:attachment":[{"href":"https:\/\/www.chateaulegrandverdus.com\/en\/wp-json\/wp\/v2\/media?parent=3624"}],"wp:term":[{"taxonomy":"product_brand","embeddable":true,"href":"https:\/\/www.chateaulegrandverdus.com\/en\/wp-json\/wp\/v2\/product_brand?post=3624"},{"taxonomy":"product_cat","embeddable":true,"href":"https:\/\/www.chateaulegrandverdus.com\/en\/wp-json\/wp\/v2\/product_cat?post=3624"}],"curies":[{"name":"wp","href":"https:\/\/api.w.org\/{rel}","templated":true}]}}