{"id":3694,"date":"2023-01-25T13:46:36","date_gmt":"2023-01-25T12:46:36","guid":{"rendered":"https:\/\/www.chateaulegrandverdus.com\/?post_type=product&#038;p=3694"},"modified":"2025-12-16T09:51:43","modified_gmt":"2025-12-16T08:51:43","slug":"visite-rouge","status":"publish","type":"product","link":"https:\/\/www.chateaulegrandverdus.com\/en\/produit\/visite-rouge\/","title":{"rendered":"Visite C\u00f4t\u00e9 Rouge"},"content":{"rendered":"","protected":false},"excerpt":{"rendered":"","protected":false},"featured_media":3697,"template":"","meta":{"_acf_changed":false},"product_brand":[],"product_cat":[22],"class_list":{"0":"post-3694","1":"product","2":"type-product","3":"status-publish","4":"has-post-thumbnail","6":"product_cat-autres","7":"gamme-visites","9":"first","10":"instock","11":"virtual","12":"taxable","13":"purchasable","14":"product-type-simple"},"acf":[],"yoast_head":"<!-- This site is optimized with the Yoast SEO plugin v27.5 - https:\/\/yoast.com\/product\/yoast-seo-wordpress\/ -->\n<title>Visite C\u00f4t\u00e9 Rouge &#8226; Ch\u00e2teau Le Grand Verdus<\/title>\n<meta name=\"description\" content=\"D\u00e9couvrez l&#039;art de l&#039;assemblage, \u00e0 l&#039;occasion d&#039;une d\u00e9gustation comment\u00e9e, quatre de nos cuv\u00e9es, tant\u00f4t en assemblage, tant\u00f4t en monoc\u00e9page !\" \/>\n<meta name=\"robots\" content=\"index, follow, max-snippet:-1, max-image-preview:large, max-video-preview:-1\" \/>\n<link rel=\"canonical\" href=\"https:\/\/www.chateaulegrandverdus.com\/en\/produit\/visite-rouge\/\" \/>\n<meta property=\"og:locale\" content=\"en_US\" \/>\n<meta property=\"og:type\" content=\"article\" \/>\n<meta property=\"og:title\" content=\"Visite C\u00f4t\u00e9 Rouge &#8226; Ch\u00e2teau Le Grand Verdus\" \/>\n<meta property=\"og:description\" content=\"D\u00e9couvrez l&#039;art de l&#039;assemblage, \u00e0 l&#039;occasion d&#039;une d\u00e9gustation comment\u00e9e, quatre de nos cuv\u00e9es, tant\u00f4t en assemblage, tant\u00f4t en monoc\u00e9page !\" \/>\n<meta property=\"og:url\" content=\"https:\/\/www.chateaulegrandverdus.com\/en\/produit\/visite-rouge\/\" \/>\n<meta property=\"og:site_name\" content=\"Ch\u00e2teau Le Grand Verdus\" \/>\n<meta property=\"article:modified_time\" content=\"2025-12-16T08:51:43+00:00\" \/>\n<meta property=\"og:image\" content=\"https:\/\/www.chateaulegrandverdus.com\/wp-content\/uploads\/2023\/01\/3bb6c0b2-a9b0-4740-a768-2bb96722073e.jpg\" \/>\n\t<meta property=\"og:image:width\" content=\"768\" \/>\n\t<meta property=\"og:image:height\" content=\"768\" \/>\n\t<meta property=\"og:image:type\" content=\"image\/jpeg\" \/>\n<meta name=\"twitter:card\" content=\"summary_large_image\" \/>\n<script type=\"application\/ld+json\" class=\"yoast-schema-graph\">{\"@context\":\"https:\\\/\\\/schema.org\",\"@graph\":[{\"@type\":\"WebPage\",\"@id\":\"https:\\\/\\\/www.chateaulegrandverdus.com\\\/en\\\/produit\\\/visite-rouge\\\/\",\"url\":\"https:\\\/\\\/www.chateaulegrandverdus.com\\\/en\\\/produit\\\/visite-rouge\\\/\",\"name\":\"Visite C\u00f4t\u00e9 Rouge &#8226; Ch\u00e2teau Le Grand Verdus\",\"isPartOf\":{\"@id\":\"https:\\\/\\\/www.chateaulegrandverdus.com\\\/en\\\/#website\"},\"primaryImageOfPage\":{\"@id\":\"https:\\\/\\\/www.chateaulegrandverdus.com\\\/en\\\/produit\\\/visite-rouge\\\/#primaryimage\"},\"image\":{\"@id\":\"https:\\\/\\\/www.chateaulegrandverdus.com\\\/en\\\/produit\\\/visite-rouge\\\/#primaryimage\"},\"thumbnailUrl\":\"https:\\\/\\\/www.chateaulegrandverdus.com\\\/wp-content\\\/uploads\\\/2023\\\/01\\\/3bb6c0b2-a9b0-4740-a768-2bb96722073e.jpg\",\"datePublished\":\"2023-01-25T12:46:36+00:00\",\"dateModified\":\"2025-12-16T08:51:43+00:00\",\"description\":\"D\u00e9couvrez l'art de l'assemblage, \u00e0 l'occasion d'une d\u00e9gustation comment\u00e9e, quatre de nos cuv\u00e9es, tant\u00f4t en assemblage, tant\u00f4t en monoc\u00e9page !\",\"breadcrumb\":{\"@id\":\"https:\\\/\\\/www.chateaulegrandverdus.com\\\/en\\\/produit\\\/visite-rouge\\\/#breadcrumb\"},\"inLanguage\":\"en-US\",\"potentialAction\":[{\"@type\":\"ReadAction\",\"target\":[\"https:\\\/\\\/www.chateaulegrandverdus.com\\\/en\\\/produit\\\/visite-rouge\\\/\"]}]},{\"@type\":\"ImageObject\",\"inLanguage\":\"en-US\",\"@id\":\"https:\\\/\\\/www.chateaulegrandverdus.com\\\/en\\\/produit\\\/visite-rouge\\\/#primaryimage\",\"url\":\"https:\\\/\\\/www.chateaulegrandverdus.com\\\/wp-content\\\/uploads\\\/2023\\\/01\\\/3bb6c0b2-a9b0-4740-a768-2bb96722073e.jpg\",\"contentUrl\":\"https:\\\/\\\/www.chateaulegrandverdus.com\\\/wp-content\\\/uploads\\\/2023\\\/01\\\/3bb6c0b2-a9b0-4740-a768-2bb96722073e.jpg\",\"width\":768,\"height\":768},{\"@type\":\"BreadcrumbList\",\"@id\":\"https:\\\/\\\/www.chateaulegrandverdus.com\\\/en\\\/produit\\\/visite-rouge\\\/#breadcrumb\",\"itemListElement\":[{\"@type\":\"ListItem\",\"position\":1,\"name\":\"Accueil\",\"item\":\"https:\\\/\\\/www.chateaulegrandverdus.com\\\/en\\\/\"},{\"@type\":\"ListItem\",\"position\":2,\"name\":\"e-Boutique\",\"item\":\"https:\\\/\\\/www.chateaulegrandverdus.com\\\/e-boutique\\\/\"},{\"@type\":\"ListItem\",\"position\":3,\"name\":\"Visite C\u00f4t\u00e9 Rouge\"}]},{\"@type\":\"WebSite\",\"@id\":\"https:\\\/\\\/www.chateaulegrandverdus.com\\\/en\\\/#website\",\"url\":\"https:\\\/\\\/www.chateaulegrandverdus.com\\\/en\\\/\",\"name\":\"Ch\u00e2teau Le Grand Verdus\",\"description\":\"\",\"publisher\":{\"@id\":\"https:\\\/\\\/www.chateaulegrandverdus.com\\\/en\\\/#organization\"},\"potentialAction\":[{\"@type\":\"SearchAction\",\"target\":{\"@type\":\"EntryPoint\",\"urlTemplate\":\"https:\\\/\\\/www.chateaulegrandverdus.com\\\/en\\\/?s={search_term_string}\"},\"query-input\":{\"@type\":\"PropertyValueSpecification\",\"valueRequired\":true,\"valueName\":\"search_term_string\"}}],\"inLanguage\":\"en-US\"},{\"@type\":\"Organization\",\"@id\":\"https:\\\/\\\/www.chateaulegrandverdus.com\\\/en\\\/#organization\",\"name\":\"Ch\u00e2teau Le Grand Verdus\",\"url\":\"https:\\\/\\\/www.chateaulegrandverdus.com\\\/en\\\/\",\"logo\":{\"@type\":\"ImageObject\",\"inLanguage\":\"en-US\",\"@id\":\"https:\\\/\\\/www.chateaulegrandverdus.com\\\/en\\\/#\\\/schema\\\/logo\\\/image\\\/\",\"url\":\"https:\\\/\\\/www.chateaulegrandverdus.com\\\/wp-content\\\/uploads\\\/2020\\\/12\\\/logo-le-grand-verdus.png\",\"contentUrl\":\"https:\\\/\\\/www.chateaulegrandverdus.com\\\/wp-content\\\/uploads\\\/2020\\\/12\\\/logo-le-grand-verdus.png\",\"width\":200,\"height\":109,\"caption\":\"Ch\u00e2teau Le Grand Verdus\"},\"image\":{\"@id\":\"https:\\\/\\\/www.chateaulegrandverdus.com\\\/en\\\/#\\\/schema\\\/logo\\\/image\\\/\"}}]}<\/script>\n<!-- \/ Yoast SEO plugin. -->","yoast_head_json":{"title":"Visite C\u00f4t\u00e9 Rouge &#8226; Ch\u00e2teau Le Grand Verdus","description":"D\u00e9couvrez l'art de l'assemblage, \u00e0 l'occasion d'une d\u00e9gustation comment\u00e9e, quatre de nos cuv\u00e9es, tant\u00f4t en assemblage, tant\u00f4t en monoc\u00e9page !","robots":{"index":"index","follow":"follow","max-snippet":"max-snippet:-1","max-image-preview":"max-image-preview:large","max-video-preview":"max-video-preview:-1"},"canonical":"https:\/\/www.chateaulegrandverdus.com\/en\/produit\/visite-rouge\/","og_locale":"en_US","og_type":"article","og_title":"Visite C\u00f4t\u00e9 Rouge &#8226; Ch\u00e2teau Le Grand Verdus","og_description":"D\u00e9couvrez l'art de l'assemblage, \u00e0 l'occasion d'une d\u00e9gustation comment\u00e9e, quatre de nos cuv\u00e9es, tant\u00f4t en assemblage, tant\u00f4t en monoc\u00e9page !","og_url":"https:\/\/www.chateaulegrandverdus.com\/en\/produit\/visite-rouge\/","og_site_name":"Ch\u00e2teau Le Grand Verdus","article_modified_time":"2025-12-16T08:51:43+00:00","og_image":[{"width":768,"height":768,"url":"https:\/\/www.chateaulegrandverdus.com\/wp-content\/uploads\/2023\/01\/3bb6c0b2-a9b0-4740-a768-2bb96722073e.jpg","type":"image\/jpeg"}],"twitter_card":"summary_large_image","schema":{"@context":"https:\/\/schema.org","@graph":[{"@type":"WebPage","@id":"https:\/\/www.chateaulegrandverdus.com\/en\/produit\/visite-rouge\/","url":"https:\/\/www.chateaulegrandverdus.com\/en\/produit\/visite-rouge\/","name":"Visite C\u00f4t\u00e9 Rouge &#8226; Ch\u00e2teau Le Grand Verdus","isPartOf":{"@id":"https:\/\/www.chateaulegrandverdus.com\/en\/#website"},"primaryImageOfPage":{"@id":"https:\/\/www.chateaulegrandverdus.com\/en\/produit\/visite-rouge\/#primaryimage"},"image":{"@id":"https:\/\/www.chateaulegrandverdus.com\/en\/produit\/visite-rouge\/#primaryimage"},"thumbnailUrl":"https:\/\/www.chateaulegrandverdus.com\/wp-content\/uploads\/2023\/01\/3bb6c0b2-a9b0-4740-a768-2bb96722073e.jpg","datePublished":"2023-01-25T12:46:36+00:00","dateModified":"2025-12-16T08:51:43+00:00","description":"D\u00e9couvrez l'art de l'assemblage, \u00e0 l'occasion d'une d\u00e9gustation comment\u00e9e, quatre de nos cuv\u00e9es, tant\u00f4t en assemblage, tant\u00f4t en monoc\u00e9page !","breadcrumb":{"@id":"https:\/\/www.chateaulegrandverdus.com\/en\/produit\/visite-rouge\/#breadcrumb"},"inLanguage":"en-US","potentialAction":[{"@type":"ReadAction","target":["https:\/\/www.chateaulegrandverdus.com\/en\/produit\/visite-rouge\/"]}]},{"@type":"ImageObject","inLanguage":"en-US","@id":"https:\/\/www.chateaulegrandverdus.com\/en\/produit\/visite-rouge\/#primaryimage","url":"https:\/\/www.chateaulegrandverdus.com\/wp-content\/uploads\/2023\/01\/3bb6c0b2-a9b0-4740-a768-2bb96722073e.jpg","contentUrl":"https:\/\/www.chateaulegrandverdus.com\/wp-content\/uploads\/2023\/01\/3bb6c0b2-a9b0-4740-a768-2bb96722073e.jpg","width":768,"height":768},{"@type":"BreadcrumbList","@id":"https:\/\/www.chateaulegrandverdus.com\/en\/produit\/visite-rouge\/#breadcrumb","itemListElement":[{"@type":"ListItem","position":1,"name":"Accueil","item":"https:\/\/www.chateaulegrandverdus.com\/en\/"},{"@type":"ListItem","position":2,"name":"e-Boutique","item":"https:\/\/www.chateaulegrandverdus.com\/e-boutique\/"},{"@type":"ListItem","position":3,"name":"Visite C\u00f4t\u00e9 Rouge"}]},{"@type":"WebSite","@id":"https:\/\/www.chateaulegrandverdus.com\/en\/#website","url":"https:\/\/www.chateaulegrandverdus.com\/en\/","name":"Ch\u00e2teau Le Grand Verdus","description":"","publisher":{"@id":"https:\/\/www.chateaulegrandverdus.com\/en\/#organization"},"potentialAction":[{"@type":"SearchAction","target":{"@type":"EntryPoint","urlTemplate":"https:\/\/www.chateaulegrandverdus.com\/en\/?s={search_term_string}"},"query-input":{"@type":"PropertyValueSpecification","valueRequired":true,"valueName":"search_term_string"}}],"inLanguage":"en-US"},{"@type":"Organization","@id":"https:\/\/www.chateaulegrandverdus.com\/en\/#organization","name":"Ch\u00e2teau Le Grand Verdus","url":"https:\/\/www.chateaulegrandverdus.com\/en\/","logo":{"@type":"ImageObject","inLanguage":"en-US","@id":"https:\/\/www.chateaulegrandverdus.com\/en\/#\/schema\/logo\/image\/","url":"https:\/\/www.chateaulegrandverdus.com\/wp-content\/uploads\/2020\/12\/logo-le-grand-verdus.png","contentUrl":"https:\/\/www.chateaulegrandverdus.com\/wp-content\/uploads\/2020\/12\/logo-le-grand-verdus.png","width":200,"height":109,"caption":"Ch\u00e2teau Le Grand Verdus"},"image":{"@id":"https:\/\/www.chateaulegrandverdus.com\/en\/#\/schema\/logo\/image\/"}}]}},"_links":{"self":[{"href":"https:\/\/www.chateaulegrandverdus.com\/en\/wp-json\/wp\/v2\/product\/3694","targetHints":{"allow":["GET"]}}],"collection":[{"href":"https:\/\/www.chateaulegrandverdus.com\/en\/wp-json\/wp\/v2\/product"}],"about":[{"href":"https:\/\/www.chateaulegrandverdus.com\/en\/wp-json\/wp\/v2\/types\/product"}],"wp:featuredmedia":[{"embeddable":true,"href":"https:\/\/www.chateaulegrandverdus.com\/en\/wp-json\/wp\/v2\/media\/3697"}],"wp:attachment":[{"href":"https:\/\/www.chateaulegrandverdus.com\/en\/wp-json\/wp\/v2\/media?parent=3694"}],"wp:term":[{"taxonomy":"product_brand","embeddable":true,"href":"https:\/\/www.chateaulegrandverdus.com\/en\/wp-json\/wp\/v2\/product_brand?post=3694"},{"taxonomy":"product_cat","embeddable":true,"href":"https:\/\/www.chateaulegrandverdus.com\/en\/wp-json\/wp\/v2\/product_cat?post=3694"}],"curies":[{"name":"wp","href":"https:\/\/api.w.org\/{rel}","templated":true}]}}