{"id":4319,"date":"2023-08-02T13:31:23","date_gmt":"2023-08-02T11:31:23","guid":{"rendered":"https:\/\/www.chateaulegrandverdus.com\/?post_type=product&#038;p=4319"},"modified":"2025-12-03T17:17:56","modified_gmt":"2025-12-03T16:17:56","slug":"graviere-syrah","status":"publish","type":"product","link":"https:\/\/www.chateaulegrandverdus.com\/en\/produit\/graviere-syrah\/","title":{"rendered":"Gravi\u00e8re | Syrah"},"content":{"rendered":"<p>Depuis de nombreuses ann\u00e9es il est av\u00e9r\u00e9 que la Syrah peut faire de tr\u00e8s bons vins \u00ab aussi \u00bb \u00e0 Bordeaux, lorsqu\u2019elle se situe sur de grands terroirs, bien expos\u00e9s et drainants. Notre parcelle de 1.10ha a \u00e9t\u00e9 plant\u00e9e en 2017, sur la parcelle la plus pentue du domaine, sur lieu-dit \u00ab Gravi\u00e8re \u00bb, expos\u00e9e plein Sud sur un superbe terroir d\u2019argiles et de graves granitiques. Les plants de vigne sont issus d\u2019une s\u00e9lection massale d\u2019une parcelle \u00ab mythique \u00bb de Cornas, plant\u00e9e en 1929.<\/p>\n","protected":false},"excerpt":{"rendered":"Depuis de nombreuses ann\u00e9es il est av\u00e9r\u00e9 que la Syrah peut faire de tr\u00e8s bons vins \u00ab aussi \u00bb \u00e0 Bordeaux, lorsqu\u2019elle se situe sur de grands terroirs, bien expos\u00e9s et drainants. Notre parcelle de 1.10ha a \u00e9t\u00e9 plant\u00e9e en 2017, sur la parcelle la plus pentue du domaine, sur lieu-dit \u00ab Gravi\u00e8re \u00bb, expos\u00e9e [&hellip;]","protected":false},"featured_media":3033,"template":"","meta":{"_acf_changed":false},"product_brand":[],"product_cat":[50],"class_list":{"0":"post-4319","1":"product","2":"type-product","3":"status-publish","4":"has-post-thumbnail","6":"product_cat-vins","7":"product_tag-carre-dagneau","8":"product_tag-cote-de-boeuf","9":"product_tag-gibiers","10":"pa_format-1-bouteille","11":"gamme-les-parcellaires","12":"appellation-vin-de-france","13":"vin-graviere-syrah","14":"format-bouteille","15":"certification-bio","17":"first","18":"instock","19":"taxable","20":"shipping-taxable","21":"purchasable","22":"product-type-simple"},"acf":[],"yoast_head":"<!-- This site is optimized with the Yoast SEO plugin v27.5 - https:\/\/yoast.com\/product\/yoast-seo-wordpress\/ -->\n<title>Gravi\u00e8re | Syrah &#8226; Ch\u00e2teau Le Grand Verdus<\/title>\n<meta name=\"description\" content=\"Cuv\u00e9e Parcellaire vinifi\u00e9e en amphore. Depuis de nombreuses ann\u00e9es il est av\u00e9r\u00e9 que la Syrah peut faire de tr\u00e8s bons vins aussi \u00e0 Bordeaux.\" \/>\n<meta name=\"robots\" content=\"index, follow, max-snippet:-1, max-image-preview:large, max-video-preview:-1\" \/>\n<link rel=\"canonical\" href=\"https:\/\/www.chateaulegrandverdus.com\/en\/produit\/graviere-syrah\/\" \/>\n<meta property=\"og:locale\" content=\"en_US\" \/>\n<meta property=\"og:type\" content=\"article\" \/>\n<meta property=\"og:title\" content=\"Gravi\u00e8re | Syrah &#8226; Ch\u00e2teau Le Grand Verdus\" \/>\n<meta property=\"og:description\" content=\"Cuv\u00e9e Parcellaire vinifi\u00e9e en amphore. Depuis de nombreuses ann\u00e9es il est av\u00e9r\u00e9 que la Syrah peut faire de tr\u00e8s bons vins aussi \u00e0 Bordeaux.\" \/>\n<meta property=\"og:url\" content=\"https:\/\/www.chateaulegrandverdus.com\/en\/produit\/graviere-syrah\/\" \/>\n<meta property=\"og:site_name\" content=\"Ch\u00e2teau Le Grand Verdus\" \/>\n<meta property=\"article:modified_time\" content=\"2025-12-03T16:17:56+00:00\" \/>\n<meta property=\"og:image\" content=\"https:\/\/www.chateaulegrandverdus.com\/wp-content\/uploads\/2022\/02\/GRAVIERE-SYRAH.png\" \/>\n\t<meta property=\"og:image:width\" content=\"300\" \/>\n\t<meta property=\"og:image:height\" content=\"726\" \/>\n\t<meta property=\"og:image:type\" content=\"image\/png\" \/>\n<meta name=\"twitter:card\" content=\"summary_large_image\" \/>\n<meta name=\"twitter:label1\" content=\"Est. reading time\" \/>\n\t<meta name=\"twitter:data1\" content=\"1 minute\" \/>\n<script type=\"application\/ld+json\" class=\"yoast-schema-graph\">{\"@context\":\"https:\\\/\\\/schema.org\",\"@graph\":[{\"@type\":\"WebPage\",\"@id\":\"https:\\\/\\\/www.chateaulegrandverdus.com\\\/en\\\/produit\\\/graviere-syrah\\\/\",\"url\":\"https:\\\/\\\/www.chateaulegrandverdus.com\\\/en\\\/produit\\\/graviere-syrah\\\/\",\"name\":\"Gravi\u00e8re | Syrah &#8226; Ch\u00e2teau Le Grand Verdus\",\"isPartOf\":{\"@id\":\"https:\\\/\\\/www.chateaulegrandverdus.com\\\/en\\\/#website\"},\"primaryImageOfPage\":{\"@id\":\"https:\\\/\\\/www.chateaulegrandverdus.com\\\/en\\\/produit\\\/graviere-syrah\\\/#primaryimage\"},\"image\":{\"@id\":\"https:\\\/\\\/www.chateaulegrandverdus.com\\\/en\\\/produit\\\/graviere-syrah\\\/#primaryimage\"},\"thumbnailUrl\":\"https:\\\/\\\/www.chateaulegrandverdus.com\\\/wp-content\\\/uploads\\\/2022\\\/02\\\/GRAVIERE-SYRAH.png\",\"datePublished\":\"2023-08-02T11:31:23+00:00\",\"dateModified\":\"2025-12-03T16:17:56+00:00\",\"description\":\"Cuv\u00e9e Parcellaire vinifi\u00e9e en amphore. Depuis de nombreuses ann\u00e9es il est av\u00e9r\u00e9 que la Syrah peut faire de tr\u00e8s bons vins aussi \u00e0 Bordeaux.\",\"breadcrumb\":{\"@id\":\"https:\\\/\\\/www.chateaulegrandverdus.com\\\/en\\\/produit\\\/graviere-syrah\\\/#breadcrumb\"},\"inLanguage\":\"en-US\",\"potentialAction\":[{\"@type\":\"ReadAction\",\"target\":[\"https:\\\/\\\/www.chateaulegrandverdus.com\\\/en\\\/produit\\\/graviere-syrah\\\/\"]}]},{\"@type\":\"ImageObject\",\"inLanguage\":\"en-US\",\"@id\":\"https:\\\/\\\/www.chateaulegrandverdus.com\\\/en\\\/produit\\\/graviere-syrah\\\/#primaryimage\",\"url\":\"https:\\\/\\\/www.chateaulegrandverdus.com\\\/wp-content\\\/uploads\\\/2022\\\/02\\\/GRAVIERE-SYRAH.png\",\"contentUrl\":\"https:\\\/\\\/www.chateaulegrandverdus.com\\\/wp-content\\\/uploads\\\/2022\\\/02\\\/GRAVIERE-SYRAH.png\",\"width\":300,\"height\":726},{\"@type\":\"BreadcrumbList\",\"@id\":\"https:\\\/\\\/www.chateaulegrandverdus.com\\\/en\\\/produit\\\/graviere-syrah\\\/#breadcrumb\",\"itemListElement\":[{\"@type\":\"ListItem\",\"position\":1,\"name\":\"Accueil\",\"item\":\"https:\\\/\\\/www.chateaulegrandverdus.com\\\/en\\\/\"},{\"@type\":\"ListItem\",\"position\":2,\"name\":\"e-Boutique\",\"item\":\"https:\\\/\\\/www.chateaulegrandverdus.com\\\/e-boutique\\\/\"},{\"@type\":\"ListItem\",\"position\":3,\"name\":\"Gravi\u00e8re | Syrah\"}]},{\"@type\":\"WebSite\",\"@id\":\"https:\\\/\\\/www.chateaulegrandverdus.com\\\/en\\\/#website\",\"url\":\"https:\\\/\\\/www.chateaulegrandverdus.com\\\/en\\\/\",\"name\":\"Ch\u00e2teau Le Grand Verdus\",\"description\":\"\",\"publisher\":{\"@id\":\"https:\\\/\\\/www.chateaulegrandverdus.com\\\/en\\\/#organization\"},\"potentialAction\":[{\"@type\":\"SearchAction\",\"target\":{\"@type\":\"EntryPoint\",\"urlTemplate\":\"https:\\\/\\\/www.chateaulegrandverdus.com\\\/en\\\/?s={search_term_string}\"},\"query-input\":{\"@type\":\"PropertyValueSpecification\",\"valueRequired\":true,\"valueName\":\"search_term_string\"}}],\"inLanguage\":\"en-US\"},{\"@type\":\"Organization\",\"@id\":\"https:\\\/\\\/www.chateaulegrandverdus.com\\\/en\\\/#organization\",\"name\":\"Ch\u00e2teau Le Grand Verdus\",\"url\":\"https:\\\/\\\/www.chateaulegrandverdus.com\\\/en\\\/\",\"logo\":{\"@type\":\"ImageObject\",\"inLanguage\":\"en-US\",\"@id\":\"https:\\\/\\\/www.chateaulegrandverdus.com\\\/en\\\/#\\\/schema\\\/logo\\\/image\\\/\",\"url\":\"https:\\\/\\\/www.chateaulegrandverdus.com\\\/wp-content\\\/uploads\\\/2020\\\/12\\\/logo-le-grand-verdus.png\",\"contentUrl\":\"https:\\\/\\\/www.chateaulegrandverdus.com\\\/wp-content\\\/uploads\\\/2020\\\/12\\\/logo-le-grand-verdus.png\",\"width\":200,\"height\":109,\"caption\":\"Ch\u00e2teau Le Grand Verdus\"},\"image\":{\"@id\":\"https:\\\/\\\/www.chateaulegrandverdus.com\\\/en\\\/#\\\/schema\\\/logo\\\/image\\\/\"}}]}<\/script>\n<!-- \/ Yoast SEO plugin. -->","yoast_head_json":{"title":"Gravi\u00e8re | Syrah &#8226; Ch\u00e2teau Le Grand Verdus","description":"Cuv\u00e9e Parcellaire vinifi\u00e9e en amphore. Depuis de nombreuses ann\u00e9es il est av\u00e9r\u00e9 que la Syrah peut faire de tr\u00e8s bons vins aussi \u00e0 Bordeaux.","robots":{"index":"index","follow":"follow","max-snippet":"max-snippet:-1","max-image-preview":"max-image-preview:large","max-video-preview":"max-video-preview:-1"},"canonical":"https:\/\/www.chateaulegrandverdus.com\/en\/produit\/graviere-syrah\/","og_locale":"en_US","og_type":"article","og_title":"Gravi\u00e8re | Syrah &#8226; Ch\u00e2teau Le Grand Verdus","og_description":"Cuv\u00e9e Parcellaire vinifi\u00e9e en amphore. Depuis de nombreuses ann\u00e9es il est av\u00e9r\u00e9 que la Syrah peut faire de tr\u00e8s bons vins aussi \u00e0 Bordeaux.","og_url":"https:\/\/www.chateaulegrandverdus.com\/en\/produit\/graviere-syrah\/","og_site_name":"Ch\u00e2teau Le Grand Verdus","article_modified_time":"2025-12-03T16:17:56+00:00","og_image":[{"width":300,"height":726,"url":"https:\/\/www.chateaulegrandverdus.com\/wp-content\/uploads\/2022\/02\/GRAVIERE-SYRAH.png","type":"image\/png"}],"twitter_card":"summary_large_image","twitter_misc":{"Est. reading time":"1 minute"},"schema":{"@context":"https:\/\/schema.org","@graph":[{"@type":"WebPage","@id":"https:\/\/www.chateaulegrandverdus.com\/en\/produit\/graviere-syrah\/","url":"https:\/\/www.chateaulegrandverdus.com\/en\/produit\/graviere-syrah\/","name":"Gravi\u00e8re | Syrah &#8226; Ch\u00e2teau Le Grand Verdus","isPartOf":{"@id":"https:\/\/www.chateaulegrandverdus.com\/en\/#website"},"primaryImageOfPage":{"@id":"https:\/\/www.chateaulegrandverdus.com\/en\/produit\/graviere-syrah\/#primaryimage"},"image":{"@id":"https:\/\/www.chateaulegrandverdus.com\/en\/produit\/graviere-syrah\/#primaryimage"},"thumbnailUrl":"https:\/\/www.chateaulegrandverdus.com\/wp-content\/uploads\/2022\/02\/GRAVIERE-SYRAH.png","datePublished":"2023-08-02T11:31:23+00:00","dateModified":"2025-12-03T16:17:56+00:00","description":"Cuv\u00e9e Parcellaire vinifi\u00e9e en amphore. Depuis de nombreuses ann\u00e9es il est av\u00e9r\u00e9 que la Syrah peut faire de tr\u00e8s bons vins aussi \u00e0 Bordeaux.","breadcrumb":{"@id":"https:\/\/www.chateaulegrandverdus.com\/en\/produit\/graviere-syrah\/#breadcrumb"},"inLanguage":"en-US","potentialAction":[{"@type":"ReadAction","target":["https:\/\/www.chateaulegrandverdus.com\/en\/produit\/graviere-syrah\/"]}]},{"@type":"ImageObject","inLanguage":"en-US","@id":"https:\/\/www.chateaulegrandverdus.com\/en\/produit\/graviere-syrah\/#primaryimage","url":"https:\/\/www.chateaulegrandverdus.com\/wp-content\/uploads\/2022\/02\/GRAVIERE-SYRAH.png","contentUrl":"https:\/\/www.chateaulegrandverdus.com\/wp-content\/uploads\/2022\/02\/GRAVIERE-SYRAH.png","width":300,"height":726},{"@type":"BreadcrumbList","@id":"https:\/\/www.chateaulegrandverdus.com\/en\/produit\/graviere-syrah\/#breadcrumb","itemListElement":[{"@type":"ListItem","position":1,"name":"Accueil","item":"https:\/\/www.chateaulegrandverdus.com\/en\/"},{"@type":"ListItem","position":2,"name":"e-Boutique","item":"https:\/\/www.chateaulegrandverdus.com\/e-boutique\/"},{"@type":"ListItem","position":3,"name":"Gravi\u00e8re | Syrah"}]},{"@type":"WebSite","@id":"https:\/\/www.chateaulegrandverdus.com\/en\/#website","url":"https:\/\/www.chateaulegrandverdus.com\/en\/","name":"Ch\u00e2teau Le Grand Verdus","description":"","publisher":{"@id":"https:\/\/www.chateaulegrandverdus.com\/en\/#organization"},"potentialAction":[{"@type":"SearchAction","target":{"@type":"EntryPoint","urlTemplate":"https:\/\/www.chateaulegrandverdus.com\/en\/?s={search_term_string}"},"query-input":{"@type":"PropertyValueSpecification","valueRequired":true,"valueName":"search_term_string"}}],"inLanguage":"en-US"},{"@type":"Organization","@id":"https:\/\/www.chateaulegrandverdus.com\/en\/#organization","name":"Ch\u00e2teau Le Grand Verdus","url":"https:\/\/www.chateaulegrandverdus.com\/en\/","logo":{"@type":"ImageObject","inLanguage":"en-US","@id":"https:\/\/www.chateaulegrandverdus.com\/en\/#\/schema\/logo\/image\/","url":"https:\/\/www.chateaulegrandverdus.com\/wp-content\/uploads\/2020\/12\/logo-le-grand-verdus.png","contentUrl":"https:\/\/www.chateaulegrandverdus.com\/wp-content\/uploads\/2020\/12\/logo-le-grand-verdus.png","width":200,"height":109,"caption":"Ch\u00e2teau Le Grand Verdus"},"image":{"@id":"https:\/\/www.chateaulegrandverdus.com\/en\/#\/schema\/logo\/image\/"}}]}},"_links":{"self":[{"href":"https:\/\/www.chateaulegrandverdus.com\/en\/wp-json\/wp\/v2\/product\/4319","targetHints":{"allow":["GET"]}}],"collection":[{"href":"https:\/\/www.chateaulegrandverdus.com\/en\/wp-json\/wp\/v2\/product"}],"about":[{"href":"https:\/\/www.chateaulegrandverdus.com\/en\/wp-json\/wp\/v2\/types\/product"}],"wp:featuredmedia":[{"embeddable":true,"href":"https:\/\/www.chateaulegrandverdus.com\/en\/wp-json\/wp\/v2\/media\/3033"}],"wp:attachment":[{"href":"https:\/\/www.chateaulegrandverdus.com\/en\/wp-json\/wp\/v2\/media?parent=4319"}],"wp:term":[{"taxonomy":"product_brand","embeddable":true,"href":"https:\/\/www.chateaulegrandverdus.com\/en\/wp-json\/wp\/v2\/product_brand?post=4319"},{"taxonomy":"product_cat","embeddable":true,"href":"https:\/\/www.chateaulegrandverdus.com\/en\/wp-json\/wp\/v2\/product_cat?post=4319"}],"curies":[{"name":"wp","href":"https:\/\/api.w.org\/{rel}","templated":true}]}}