{"id":4397,"date":"2023-10-24T17:35:50","date_gmt":"2023-10-24T15:35:50","guid":{"rendered":"https:\/\/www.chateaulegrandverdus.com\/?post_type=product&#038;p=4397"},"modified":"2024-11-21T12:31:54","modified_gmt":"2024-11-21T11:31:54","slug":"vertige-solera","status":"publish","type":"product","link":"https:\/\/www.chateaulegrandverdus.com\/en\/produit\/vertige-solera\/","title":{"rendered":"Vertige | Solera"},"content":{"rendered":"","protected":false},"excerpt":{"rendered":"","protected":false},"featured_media":1575,"template":"","meta":{"_acf_changed":false},"product_brand":[],"product_cat":[50],"class_list":{"0":"post-4397","1":"product","2":"type-product","3":"status-publish","4":"has-post-thumbnail","6":"product_cat-vins","7":"product_tag-fruits-de-mer","8":"product_tag-viandes-blanches-en-sauce","9":"pa_format-1-bouteille","10":"gamme-les-originales","11":"appellation-bordeaux-blanc","12":"vin-bordeaux-blanc","13":"format-bouteille","15":"first","16":"instock","17":"taxable","18":"shipping-taxable","19":"purchasable","20":"product-type-simple"},"acf":[],"yoast_head":"<!-- This site is optimized with the Yoast SEO plugin v27.5 - https:\/\/yoast.com\/product\/yoast-seo-wordpress\/ -->\n<title>Vertige | Solera &#8226; Ch\u00e2teau Le Grand Verdus<\/title>\n<meta name=\"description\" content=\"Un 100% S\u00e9millon issu d\u2019un assemblage de plusieurs mill\u00e9simes en cuves souterraines. Un \u00e9levage en Sol\u00e9ra r\u00e9v\u00e9lant la gr\u00e2ce du S\u00e9millon dans le temps.\" \/>\n<meta name=\"robots\" content=\"index, follow, max-snippet:-1, max-image-preview:large, max-video-preview:-1\" \/>\n<link rel=\"canonical\" href=\"https:\/\/www.chateaulegrandverdus.com\/en\/produit\/vertige-solera\/\" \/>\n<meta property=\"og:locale\" content=\"en_US\" \/>\n<meta property=\"og:type\" content=\"article\" \/>\n<meta property=\"og:title\" content=\"Vertige | Solera &#8226; Ch\u00e2teau Le Grand Verdus\" \/>\n<meta property=\"og:description\" content=\"Un 100% S\u00e9millon issu d\u2019un assemblage de plusieurs mill\u00e9simes en cuves souterraines. Un \u00e9levage en Sol\u00e9ra r\u00e9v\u00e9lant la gr\u00e2ce du S\u00e9millon dans le temps.\" \/>\n<meta property=\"og:url\" content=\"https:\/\/www.chateaulegrandverdus.com\/en\/produit\/vertige-solera\/\" \/>\n<meta property=\"og:site_name\" content=\"Ch\u00e2teau Le Grand Verdus\" \/>\n<meta property=\"article:modified_time\" content=\"2024-11-21T11:31:54+00:00\" \/>\n<meta property=\"og:image\" content=\"https:\/\/www.chateaulegrandverdus.com\/wp-content\/uploads\/2021\/01\/VERTIGE-BLANC-SOLERA.png\" \/>\n\t<meta property=\"og:image:width\" content=\"300\" \/>\n\t<meta property=\"og:image:height\" content=\"745\" \/>\n\t<meta property=\"og:image:type\" content=\"image\/png\" \/>\n<meta name=\"twitter:card\" content=\"summary_large_image\" \/>\n<meta name=\"twitter:label1\" content=\"Est. reading time\" \/>\n\t<meta name=\"twitter:data1\" content=\"1 minute\" \/>\n<script type=\"application\/ld+json\" class=\"yoast-schema-graph\">{\"@context\":\"https:\\\/\\\/schema.org\",\"@graph\":[{\"@type\":\"WebPage\",\"@id\":\"https:\\\/\\\/www.chateaulegrandverdus.com\\\/en\\\/produit\\\/vertige-solera\\\/\",\"url\":\"https:\\\/\\\/www.chateaulegrandverdus.com\\\/en\\\/produit\\\/vertige-solera\\\/\",\"name\":\"Vertige | Solera &#8226; Ch\u00e2teau Le Grand Verdus\",\"isPartOf\":{\"@id\":\"https:\\\/\\\/www.chateaulegrandverdus.com\\\/en\\\/#website\"},\"primaryImageOfPage\":{\"@id\":\"https:\\\/\\\/www.chateaulegrandverdus.com\\\/en\\\/produit\\\/vertige-solera\\\/#primaryimage\"},\"image\":{\"@id\":\"https:\\\/\\\/www.chateaulegrandverdus.com\\\/en\\\/produit\\\/vertige-solera\\\/#primaryimage\"},\"thumbnailUrl\":\"https:\\\/\\\/www.chateaulegrandverdus.com\\\/wp-content\\\/uploads\\\/2021\\\/01\\\/VERTIGE-BLANC-SOLERA.png\",\"datePublished\":\"2023-10-24T15:35:50+00:00\",\"dateModified\":\"2024-11-21T11:31:54+00:00\",\"description\":\"Un 100% S\u00e9millon issu d\u2019un assemblage de plusieurs mill\u00e9simes en cuves souterraines. Un \u00e9levage en Sol\u00e9ra r\u00e9v\u00e9lant la gr\u00e2ce du S\u00e9millon dans le temps.\",\"breadcrumb\":{\"@id\":\"https:\\\/\\\/www.chateaulegrandverdus.com\\\/en\\\/produit\\\/vertige-solera\\\/#breadcrumb\"},\"inLanguage\":\"en-US\",\"potentialAction\":[{\"@type\":\"ReadAction\",\"target\":[\"https:\\\/\\\/www.chateaulegrandverdus.com\\\/en\\\/produit\\\/vertige-solera\\\/\"]}]},{\"@type\":\"ImageObject\",\"inLanguage\":\"en-US\",\"@id\":\"https:\\\/\\\/www.chateaulegrandverdus.com\\\/en\\\/produit\\\/vertige-solera\\\/#primaryimage\",\"url\":\"https:\\\/\\\/www.chateaulegrandverdus.com\\\/wp-content\\\/uploads\\\/2021\\\/01\\\/VERTIGE-BLANC-SOLERA.png\",\"contentUrl\":\"https:\\\/\\\/www.chateaulegrandverdus.com\\\/wp-content\\\/uploads\\\/2021\\\/01\\\/VERTIGE-BLANC-SOLERA.png\",\"width\":300,\"height\":745},{\"@type\":\"BreadcrumbList\",\"@id\":\"https:\\\/\\\/www.chateaulegrandverdus.com\\\/en\\\/produit\\\/vertige-solera\\\/#breadcrumb\",\"itemListElement\":[{\"@type\":\"ListItem\",\"position\":1,\"name\":\"Accueil\",\"item\":\"https:\\\/\\\/www.chateaulegrandverdus.com\\\/en\\\/\"},{\"@type\":\"ListItem\",\"position\":2,\"name\":\"e-Boutique\",\"item\":\"https:\\\/\\\/www.chateaulegrandverdus.com\\\/e-boutique\\\/\"},{\"@type\":\"ListItem\",\"position\":3,\"name\":\"Vertige | Solera\"}]},{\"@type\":\"WebSite\",\"@id\":\"https:\\\/\\\/www.chateaulegrandverdus.com\\\/en\\\/#website\",\"url\":\"https:\\\/\\\/www.chateaulegrandverdus.com\\\/en\\\/\",\"name\":\"Ch\u00e2teau Le Grand Verdus\",\"description\":\"\",\"publisher\":{\"@id\":\"https:\\\/\\\/www.chateaulegrandverdus.com\\\/en\\\/#organization\"},\"potentialAction\":[{\"@type\":\"SearchAction\",\"target\":{\"@type\":\"EntryPoint\",\"urlTemplate\":\"https:\\\/\\\/www.chateaulegrandverdus.com\\\/en\\\/?s={search_term_string}\"},\"query-input\":{\"@type\":\"PropertyValueSpecification\",\"valueRequired\":true,\"valueName\":\"search_term_string\"}}],\"inLanguage\":\"en-US\"},{\"@type\":\"Organization\",\"@id\":\"https:\\\/\\\/www.chateaulegrandverdus.com\\\/en\\\/#organization\",\"name\":\"Ch\u00e2teau Le Grand Verdus\",\"url\":\"https:\\\/\\\/www.chateaulegrandverdus.com\\\/en\\\/\",\"logo\":{\"@type\":\"ImageObject\",\"inLanguage\":\"en-US\",\"@id\":\"https:\\\/\\\/www.chateaulegrandverdus.com\\\/en\\\/#\\\/schema\\\/logo\\\/image\\\/\",\"url\":\"https:\\\/\\\/www.chateaulegrandverdus.com\\\/wp-content\\\/uploads\\\/2020\\\/12\\\/logo-le-grand-verdus.png\",\"contentUrl\":\"https:\\\/\\\/www.chateaulegrandverdus.com\\\/wp-content\\\/uploads\\\/2020\\\/12\\\/logo-le-grand-verdus.png\",\"width\":200,\"height\":109,\"caption\":\"Ch\u00e2teau Le Grand Verdus\"},\"image\":{\"@id\":\"https:\\\/\\\/www.chateaulegrandverdus.com\\\/en\\\/#\\\/schema\\\/logo\\\/image\\\/\"}}]}<\/script>\n<!-- \/ Yoast SEO plugin. -->","yoast_head_json":{"title":"Vertige | Solera &#8226; Ch\u00e2teau Le Grand Verdus","description":"Un 100% S\u00e9millon issu d\u2019un assemblage de plusieurs mill\u00e9simes en cuves souterraines. Un \u00e9levage en Sol\u00e9ra r\u00e9v\u00e9lant la gr\u00e2ce du S\u00e9millon dans le temps.","robots":{"index":"index","follow":"follow","max-snippet":"max-snippet:-1","max-image-preview":"max-image-preview:large","max-video-preview":"max-video-preview:-1"},"canonical":"https:\/\/www.chateaulegrandverdus.com\/en\/produit\/vertige-solera\/","og_locale":"en_US","og_type":"article","og_title":"Vertige | Solera &#8226; Ch\u00e2teau Le Grand Verdus","og_description":"Un 100% S\u00e9millon issu d\u2019un assemblage de plusieurs mill\u00e9simes en cuves souterraines. Un \u00e9levage en Sol\u00e9ra r\u00e9v\u00e9lant la gr\u00e2ce du S\u00e9millon dans le temps.","og_url":"https:\/\/www.chateaulegrandverdus.com\/en\/produit\/vertige-solera\/","og_site_name":"Ch\u00e2teau Le Grand Verdus","article_modified_time":"2024-11-21T11:31:54+00:00","og_image":[{"width":300,"height":745,"url":"https:\/\/www.chateaulegrandverdus.com\/wp-content\/uploads\/2021\/01\/VERTIGE-BLANC-SOLERA.png","type":"image\/png"}],"twitter_card":"summary_large_image","twitter_misc":{"Est. reading time":"1 minute"},"schema":{"@context":"https:\/\/schema.org","@graph":[{"@type":"WebPage","@id":"https:\/\/www.chateaulegrandverdus.com\/en\/produit\/vertige-solera\/","url":"https:\/\/www.chateaulegrandverdus.com\/en\/produit\/vertige-solera\/","name":"Vertige | Solera &#8226; Ch\u00e2teau Le Grand Verdus","isPartOf":{"@id":"https:\/\/www.chateaulegrandverdus.com\/en\/#website"},"primaryImageOfPage":{"@id":"https:\/\/www.chateaulegrandverdus.com\/en\/produit\/vertige-solera\/#primaryimage"},"image":{"@id":"https:\/\/www.chateaulegrandverdus.com\/en\/produit\/vertige-solera\/#primaryimage"},"thumbnailUrl":"https:\/\/www.chateaulegrandverdus.com\/wp-content\/uploads\/2021\/01\/VERTIGE-BLANC-SOLERA.png","datePublished":"2023-10-24T15:35:50+00:00","dateModified":"2024-11-21T11:31:54+00:00","description":"Un 100% S\u00e9millon issu d\u2019un assemblage de plusieurs mill\u00e9simes en cuves souterraines. Un \u00e9levage en Sol\u00e9ra r\u00e9v\u00e9lant la gr\u00e2ce du S\u00e9millon dans le temps.","breadcrumb":{"@id":"https:\/\/www.chateaulegrandverdus.com\/en\/produit\/vertige-solera\/#breadcrumb"},"inLanguage":"en-US","potentialAction":[{"@type":"ReadAction","target":["https:\/\/www.chateaulegrandverdus.com\/en\/produit\/vertige-solera\/"]}]},{"@type":"ImageObject","inLanguage":"en-US","@id":"https:\/\/www.chateaulegrandverdus.com\/en\/produit\/vertige-solera\/#primaryimage","url":"https:\/\/www.chateaulegrandverdus.com\/wp-content\/uploads\/2021\/01\/VERTIGE-BLANC-SOLERA.png","contentUrl":"https:\/\/www.chateaulegrandverdus.com\/wp-content\/uploads\/2021\/01\/VERTIGE-BLANC-SOLERA.png","width":300,"height":745},{"@type":"BreadcrumbList","@id":"https:\/\/www.chateaulegrandverdus.com\/en\/produit\/vertige-solera\/#breadcrumb","itemListElement":[{"@type":"ListItem","position":1,"name":"Accueil","item":"https:\/\/www.chateaulegrandverdus.com\/en\/"},{"@type":"ListItem","position":2,"name":"e-Boutique","item":"https:\/\/www.chateaulegrandverdus.com\/e-boutique\/"},{"@type":"ListItem","position":3,"name":"Vertige | Solera"}]},{"@type":"WebSite","@id":"https:\/\/www.chateaulegrandverdus.com\/en\/#website","url":"https:\/\/www.chateaulegrandverdus.com\/en\/","name":"Ch\u00e2teau Le Grand Verdus","description":"","publisher":{"@id":"https:\/\/www.chateaulegrandverdus.com\/en\/#organization"},"potentialAction":[{"@type":"SearchAction","target":{"@type":"EntryPoint","urlTemplate":"https:\/\/www.chateaulegrandverdus.com\/en\/?s={search_term_string}"},"query-input":{"@type":"PropertyValueSpecification","valueRequired":true,"valueName":"search_term_string"}}],"inLanguage":"en-US"},{"@type":"Organization","@id":"https:\/\/www.chateaulegrandverdus.com\/en\/#organization","name":"Ch\u00e2teau Le Grand Verdus","url":"https:\/\/www.chateaulegrandverdus.com\/en\/","logo":{"@type":"ImageObject","inLanguage":"en-US","@id":"https:\/\/www.chateaulegrandverdus.com\/en\/#\/schema\/logo\/image\/","url":"https:\/\/www.chateaulegrandverdus.com\/wp-content\/uploads\/2020\/12\/logo-le-grand-verdus.png","contentUrl":"https:\/\/www.chateaulegrandverdus.com\/wp-content\/uploads\/2020\/12\/logo-le-grand-verdus.png","width":200,"height":109,"caption":"Ch\u00e2teau Le Grand Verdus"},"image":{"@id":"https:\/\/www.chateaulegrandverdus.com\/en\/#\/schema\/logo\/image\/"}}]}},"_links":{"self":[{"href":"https:\/\/www.chateaulegrandverdus.com\/en\/wp-json\/wp\/v2\/product\/4397","targetHints":{"allow":["GET"]}}],"collection":[{"href":"https:\/\/www.chateaulegrandverdus.com\/en\/wp-json\/wp\/v2\/product"}],"about":[{"href":"https:\/\/www.chateaulegrandverdus.com\/en\/wp-json\/wp\/v2\/types\/product"}],"wp:featuredmedia":[{"embeddable":true,"href":"https:\/\/www.chateaulegrandverdus.com\/en\/wp-json\/wp\/v2\/media\/1575"}],"wp:attachment":[{"href":"https:\/\/www.chateaulegrandverdus.com\/en\/wp-json\/wp\/v2\/media?parent=4397"}],"wp:term":[{"taxonomy":"product_brand","embeddable":true,"href":"https:\/\/www.chateaulegrandverdus.com\/en\/wp-json\/wp\/v2\/product_brand?post=4397"},{"taxonomy":"product_cat","embeddable":true,"href":"https:\/\/www.chateaulegrandverdus.com\/en\/wp-json\/wp\/v2\/product_cat?post=4397"}],"curies":[{"name":"wp","href":"https:\/\/api.w.org\/{rel}","templated":true}]}}