{"id":4667,"date":"2024-06-04T15:37:24","date_gmt":"2024-06-04T13:37:24","guid":{"rendered":"https:\/\/www.chateaulegrandverdus.com\/?post_type=product&#038;p=4667"},"modified":"2025-12-03T17:17:56","modified_gmt":"2025-12-03T16:17:56","slug":"passerat-vendange-passerillee","status":"publish","type":"product","link":"https:\/\/www.chateaulegrandverdus.com\/en\/produit\/passerat-vendange-passerillee\/","title":{"rendered":"Passerat"},"content":{"rendered":"<p>** Bouteilles de 50 cl **<\/p>\n<p>Passerat offre un bouquet riche et complexe, m\u00ealant des ar\u00f4mes de fruits s\u00e9ch\u00e9s et confits, des notes \u00e9pic\u00e9es et torr\u00e9fi\u00e9es, ainsi qu&#8217;une subtile \u00e9l\u00e9gance florale. Son \u00e9quilibre entre la densit\u00e9 des raisins m\u00fbrs et une acidit\u00e9 rafra\u00eechissante cr\u00e9e une exp\u00e9rience unique, sublim\u00e9e par une l\u00e9g\u00e8re min\u00e9ralit\u00e9. Son \u00e9levage en barrique conf\u00e8re des nuances bois\u00e9es, tandis que son caract\u00e8re oxydatif ajoute une touche de fruits secs et d&#8217;amande grill\u00e9e.<\/p>\n<p>Un vin d&#8217;exception qui vous invite \u00e0 une d\u00e9gustation attentive, o\u00f9 chaque note se r\u00e9v\u00e8le progressivement, offrant une nouvelle facette du c\u00e9page Merlot.<\/p>\n<p>&nbsp;<\/p>\n<p>D\u00e9couvrez un vin unique issu de vendanges passerill\u00e9es sur pied, mill\u00e9sime 2018. Le Merlot Grande R\u00e9serve d\u00e9voile une nouvelle facette, concentr\u00e9e et \u00e9quilibr\u00e9e par une acidit\u00e9 \u00e9lev\u00e9e. \u00c9laboration : fermentation en cuve inox, \u00e9levage trois ans en barrique de ch\u00eane fran\u00e7ais.<\/p>\n","protected":false},"excerpt":{"rendered":"** Bouteilles de 50 cl ** Passerat offre un bouquet riche et complexe, m\u00ealant des ar\u00f4mes de fruits s\u00e9ch\u00e9s et confits, des notes \u00e9pic\u00e9es et torr\u00e9fi\u00e9es, ainsi qu&#8217;une subtile \u00e9l\u00e9gance florale. Son \u00e9quilibre entre la densit\u00e9 des raisins m\u00fbrs et une acidit\u00e9 rafra\u00eechissante cr\u00e9e une exp\u00e9rience unique, sublim\u00e9e par une l\u00e9g\u00e8re min\u00e9ralit\u00e9. Son \u00e9levage en [&hellip;]","protected":false},"featured_media":4659,"template":"","meta":{"_acf_changed":false},"product_brand":[],"product_cat":[50],"class_list":{"0":"post-4667","1":"product","2":"type-product","3":"status-publish","4":"has-post-thumbnail","6":"product_cat-vins","7":"pa_format-1-bouteille","8":"format-bouteille","10":"first","11":"instock","12":"taxable","13":"shipping-taxable","14":"purchasable","15":"product-type-simple"},"acf":[],"yoast_head":"<!-- This site is optimized with the Yoast SEO plugin v27.5 - https:\/\/yoast.com\/product\/yoast-seo-wordpress\/ -->\n<title>Passerat &#8226; Ch\u00e2teau Le Grand Verdus<\/title>\n<meta name=\"description\" content=\"Un vin unique issu de vendanges passerill\u00e9es sur pied. Le Merlot d\u00e9voile une nouvelle facette, concentr\u00e9e et \u00e9quilibr\u00e9e par une acidit\u00e9 \u00e9lev\u00e9e.\" \/>\n<meta name=\"robots\" content=\"index, follow, max-snippet:-1, max-image-preview:large, max-video-preview:-1\" \/>\n<link rel=\"canonical\" href=\"https:\/\/www.chateaulegrandverdus.com\/en\/produit\/passerat-vendange-passerillee\/\" \/>\n<meta property=\"og:locale\" content=\"en_US\" \/>\n<meta property=\"og:type\" content=\"article\" \/>\n<meta property=\"og:title\" content=\"Passerat &#8226; Ch\u00e2teau Le Grand Verdus\" \/>\n<meta property=\"og:description\" content=\"Un vin unique issu de vendanges passerill\u00e9es sur pied. Le Merlot d\u00e9voile une nouvelle facette, concentr\u00e9e et \u00e9quilibr\u00e9e par une acidit\u00e9 \u00e9lev\u00e9e.\" \/>\n<meta property=\"og:url\" content=\"https:\/\/www.chateaulegrandverdus.com\/en\/produit\/passerat-vendange-passerillee\/\" \/>\n<meta property=\"og:site_name\" content=\"Ch\u00e2teau Le Grand Verdus\" \/>\n<meta property=\"article:modified_time\" content=\"2025-12-03T16:17:56+00:00\" \/>\n<meta property=\"og:image\" content=\"https:\/\/www.chateaulegrandverdus.com\/wp-content\/uploads\/2024\/06\/LE-GRAND-VERDUS-PASSERAT-VDG-1209x3000.png\" \/>\n\t<meta property=\"og:image:width\" content=\"1209\" \/>\n\t<meta property=\"og:image:height\" content=\"3000\" \/>\n\t<meta property=\"og:image:type\" content=\"image\/png\" \/>\n<meta name=\"twitter:card\" content=\"summary_large_image\" \/>\n<meta name=\"twitter:label1\" content=\"Est. reading time\" \/>\n\t<meta name=\"twitter:data1\" content=\"1 minute\" \/>\n<script type=\"application\/ld+json\" class=\"yoast-schema-graph\">{\"@context\":\"https:\\\/\\\/schema.org\",\"@graph\":[{\"@type\":\"WebPage\",\"@id\":\"https:\\\/\\\/www.chateaulegrandverdus.com\\\/en\\\/produit\\\/passerat-vendange-passerillee\\\/\",\"url\":\"https:\\\/\\\/www.chateaulegrandverdus.com\\\/en\\\/produit\\\/passerat-vendange-passerillee\\\/\",\"name\":\"Passerat &#8226; Ch\u00e2teau Le Grand Verdus\",\"isPartOf\":{\"@id\":\"https:\\\/\\\/www.chateaulegrandverdus.com\\\/en\\\/#website\"},\"primaryImageOfPage\":{\"@id\":\"https:\\\/\\\/www.chateaulegrandverdus.com\\\/en\\\/produit\\\/passerat-vendange-passerillee\\\/#primaryimage\"},\"image\":{\"@id\":\"https:\\\/\\\/www.chateaulegrandverdus.com\\\/en\\\/produit\\\/passerat-vendange-passerillee\\\/#primaryimage\"},\"thumbnailUrl\":\"https:\\\/\\\/www.chateaulegrandverdus.com\\\/wp-content\\\/uploads\\\/2024\\\/06\\\/LE-GRAND-VERDUS-PASSERAT-VDG.png\",\"datePublished\":\"2024-06-04T13:37:24+00:00\",\"dateModified\":\"2025-12-03T16:17:56+00:00\",\"description\":\"Un vin unique issu de vendanges passerill\u00e9es sur pied. Le Merlot d\u00e9voile une nouvelle facette, concentr\u00e9e et \u00e9quilibr\u00e9e par une acidit\u00e9 \u00e9lev\u00e9e.\",\"breadcrumb\":{\"@id\":\"https:\\\/\\\/www.chateaulegrandverdus.com\\\/en\\\/produit\\\/passerat-vendange-passerillee\\\/#breadcrumb\"},\"inLanguage\":\"en-US\",\"potentialAction\":[{\"@type\":\"ReadAction\",\"target\":[\"https:\\\/\\\/www.chateaulegrandverdus.com\\\/en\\\/produit\\\/passerat-vendange-passerillee\\\/\"]}]},{\"@type\":\"ImageObject\",\"inLanguage\":\"en-US\",\"@id\":\"https:\\\/\\\/www.chateaulegrandverdus.com\\\/en\\\/produit\\\/passerat-vendange-passerillee\\\/#primaryimage\",\"url\":\"https:\\\/\\\/www.chateaulegrandverdus.com\\\/wp-content\\\/uploads\\\/2024\\\/06\\\/LE-GRAND-VERDUS-PASSERAT-VDG.png\",\"contentUrl\":\"https:\\\/\\\/www.chateaulegrandverdus.com\\\/wp-content\\\/uploads\\\/2024\\\/06\\\/LE-GRAND-VERDUS-PASSERAT-VDG.png\",\"width\":2222,\"height\":5515,\"caption\":\"Photo bouteille Passerat,50 cl - vendange passerill\u00e9e sur pied\"},{\"@type\":\"BreadcrumbList\",\"@id\":\"https:\\\/\\\/www.chateaulegrandverdus.com\\\/en\\\/produit\\\/passerat-vendange-passerillee\\\/#breadcrumb\",\"itemListElement\":[{\"@type\":\"ListItem\",\"position\":1,\"name\":\"Accueil\",\"item\":\"https:\\\/\\\/www.chateaulegrandverdus.com\\\/en\\\/\"},{\"@type\":\"ListItem\",\"position\":2,\"name\":\"e-Boutique\",\"item\":\"https:\\\/\\\/www.chateaulegrandverdus.com\\\/e-boutique\\\/\"},{\"@type\":\"ListItem\",\"position\":3,\"name\":\"Passerat\"}]},{\"@type\":\"WebSite\",\"@id\":\"https:\\\/\\\/www.chateaulegrandverdus.com\\\/en\\\/#website\",\"url\":\"https:\\\/\\\/www.chateaulegrandverdus.com\\\/en\\\/\",\"name\":\"Ch\u00e2teau Le Grand Verdus\",\"description\":\"\",\"publisher\":{\"@id\":\"https:\\\/\\\/www.chateaulegrandverdus.com\\\/en\\\/#organization\"},\"potentialAction\":[{\"@type\":\"SearchAction\",\"target\":{\"@type\":\"EntryPoint\",\"urlTemplate\":\"https:\\\/\\\/www.chateaulegrandverdus.com\\\/en\\\/?s={search_term_string}\"},\"query-input\":{\"@type\":\"PropertyValueSpecification\",\"valueRequired\":true,\"valueName\":\"search_term_string\"}}],\"inLanguage\":\"en-US\"},{\"@type\":\"Organization\",\"@id\":\"https:\\\/\\\/www.chateaulegrandverdus.com\\\/en\\\/#organization\",\"name\":\"Ch\u00e2teau Le Grand Verdus\",\"url\":\"https:\\\/\\\/www.chateaulegrandverdus.com\\\/en\\\/\",\"logo\":{\"@type\":\"ImageObject\",\"inLanguage\":\"en-US\",\"@id\":\"https:\\\/\\\/www.chateaulegrandverdus.com\\\/en\\\/#\\\/schema\\\/logo\\\/image\\\/\",\"url\":\"https:\\\/\\\/www.chateaulegrandverdus.com\\\/wp-content\\\/uploads\\\/2020\\\/12\\\/logo-le-grand-verdus.png\",\"contentUrl\":\"https:\\\/\\\/www.chateaulegrandverdus.com\\\/wp-content\\\/uploads\\\/2020\\\/12\\\/logo-le-grand-verdus.png\",\"width\":200,\"height\":109,\"caption\":\"Ch\u00e2teau Le Grand Verdus\"},\"image\":{\"@id\":\"https:\\\/\\\/www.chateaulegrandverdus.com\\\/en\\\/#\\\/schema\\\/logo\\\/image\\\/\"}}]}<\/script>\n<!-- \/ Yoast SEO plugin. -->","yoast_head_json":{"title":"Passerat &#8226; Ch\u00e2teau Le Grand Verdus","description":"Un vin unique issu de vendanges passerill\u00e9es sur pied. Le Merlot d\u00e9voile une nouvelle facette, concentr\u00e9e et \u00e9quilibr\u00e9e par une acidit\u00e9 \u00e9lev\u00e9e.","robots":{"index":"index","follow":"follow","max-snippet":"max-snippet:-1","max-image-preview":"max-image-preview:large","max-video-preview":"max-video-preview:-1"},"canonical":"https:\/\/www.chateaulegrandverdus.com\/en\/produit\/passerat-vendange-passerillee\/","og_locale":"en_US","og_type":"article","og_title":"Passerat &#8226; Ch\u00e2teau Le Grand Verdus","og_description":"Un vin unique issu de vendanges passerill\u00e9es sur pied. Le Merlot d\u00e9voile une nouvelle facette, concentr\u00e9e et \u00e9quilibr\u00e9e par une acidit\u00e9 \u00e9lev\u00e9e.","og_url":"https:\/\/www.chateaulegrandverdus.com\/en\/produit\/passerat-vendange-passerillee\/","og_site_name":"Ch\u00e2teau Le Grand Verdus","article_modified_time":"2025-12-03T16:17:56+00:00","og_image":[{"width":1209,"height":3000,"url":"https:\/\/www.chateaulegrandverdus.com\/wp-content\/uploads\/2024\/06\/LE-GRAND-VERDUS-PASSERAT-VDG-1209x3000.png","type":"image\/png"}],"twitter_card":"summary_large_image","twitter_misc":{"Est. reading time":"1 minute"},"schema":{"@context":"https:\/\/schema.org","@graph":[{"@type":"WebPage","@id":"https:\/\/www.chateaulegrandverdus.com\/en\/produit\/passerat-vendange-passerillee\/","url":"https:\/\/www.chateaulegrandverdus.com\/en\/produit\/passerat-vendange-passerillee\/","name":"Passerat &#8226; Ch\u00e2teau Le Grand Verdus","isPartOf":{"@id":"https:\/\/www.chateaulegrandverdus.com\/en\/#website"},"primaryImageOfPage":{"@id":"https:\/\/www.chateaulegrandverdus.com\/en\/produit\/passerat-vendange-passerillee\/#primaryimage"},"image":{"@id":"https:\/\/www.chateaulegrandverdus.com\/en\/produit\/passerat-vendange-passerillee\/#primaryimage"},"thumbnailUrl":"https:\/\/www.chateaulegrandverdus.com\/wp-content\/uploads\/2024\/06\/LE-GRAND-VERDUS-PASSERAT-VDG.png","datePublished":"2024-06-04T13:37:24+00:00","dateModified":"2025-12-03T16:17:56+00:00","description":"Un vin unique issu de vendanges passerill\u00e9es sur pied. Le Merlot d\u00e9voile une nouvelle facette, concentr\u00e9e et \u00e9quilibr\u00e9e par une acidit\u00e9 \u00e9lev\u00e9e.","breadcrumb":{"@id":"https:\/\/www.chateaulegrandverdus.com\/en\/produit\/passerat-vendange-passerillee\/#breadcrumb"},"inLanguage":"en-US","potentialAction":[{"@type":"ReadAction","target":["https:\/\/www.chateaulegrandverdus.com\/en\/produit\/passerat-vendange-passerillee\/"]}]},{"@type":"ImageObject","inLanguage":"en-US","@id":"https:\/\/www.chateaulegrandverdus.com\/en\/produit\/passerat-vendange-passerillee\/#primaryimage","url":"https:\/\/www.chateaulegrandverdus.com\/wp-content\/uploads\/2024\/06\/LE-GRAND-VERDUS-PASSERAT-VDG.png","contentUrl":"https:\/\/www.chateaulegrandverdus.com\/wp-content\/uploads\/2024\/06\/LE-GRAND-VERDUS-PASSERAT-VDG.png","width":2222,"height":5515,"caption":"Photo bouteille Passerat,50 cl - vendange passerill\u00e9e sur pied"},{"@type":"BreadcrumbList","@id":"https:\/\/www.chateaulegrandverdus.com\/en\/produit\/passerat-vendange-passerillee\/#breadcrumb","itemListElement":[{"@type":"ListItem","position":1,"name":"Accueil","item":"https:\/\/www.chateaulegrandverdus.com\/en\/"},{"@type":"ListItem","position":2,"name":"e-Boutique","item":"https:\/\/www.chateaulegrandverdus.com\/e-boutique\/"},{"@type":"ListItem","position":3,"name":"Passerat"}]},{"@type":"WebSite","@id":"https:\/\/www.chateaulegrandverdus.com\/en\/#website","url":"https:\/\/www.chateaulegrandverdus.com\/en\/","name":"Ch\u00e2teau Le Grand Verdus","description":"","publisher":{"@id":"https:\/\/www.chateaulegrandverdus.com\/en\/#organization"},"potentialAction":[{"@type":"SearchAction","target":{"@type":"EntryPoint","urlTemplate":"https:\/\/www.chateaulegrandverdus.com\/en\/?s={search_term_string}"},"query-input":{"@type":"PropertyValueSpecification","valueRequired":true,"valueName":"search_term_string"}}],"inLanguage":"en-US"},{"@type":"Organization","@id":"https:\/\/www.chateaulegrandverdus.com\/en\/#organization","name":"Ch\u00e2teau Le Grand Verdus","url":"https:\/\/www.chateaulegrandverdus.com\/en\/","logo":{"@type":"ImageObject","inLanguage":"en-US","@id":"https:\/\/www.chateaulegrandverdus.com\/en\/#\/schema\/logo\/image\/","url":"https:\/\/www.chateaulegrandverdus.com\/wp-content\/uploads\/2020\/12\/logo-le-grand-verdus.png","contentUrl":"https:\/\/www.chateaulegrandverdus.com\/wp-content\/uploads\/2020\/12\/logo-le-grand-verdus.png","width":200,"height":109,"caption":"Ch\u00e2teau Le Grand Verdus"},"image":{"@id":"https:\/\/www.chateaulegrandverdus.com\/en\/#\/schema\/logo\/image\/"}}]}},"_links":{"self":[{"href":"https:\/\/www.chateaulegrandverdus.com\/en\/wp-json\/wp\/v2\/product\/4667","targetHints":{"allow":["GET"]}}],"collection":[{"href":"https:\/\/www.chateaulegrandverdus.com\/en\/wp-json\/wp\/v2\/product"}],"about":[{"href":"https:\/\/www.chateaulegrandverdus.com\/en\/wp-json\/wp\/v2\/types\/product"}],"wp:featuredmedia":[{"embeddable":true,"href":"https:\/\/www.chateaulegrandverdus.com\/en\/wp-json\/wp\/v2\/media\/4659"}],"wp:attachment":[{"href":"https:\/\/www.chateaulegrandverdus.com\/en\/wp-json\/wp\/v2\/media?parent=4667"}],"wp:term":[{"taxonomy":"product_brand","embeddable":true,"href":"https:\/\/www.chateaulegrandverdus.com\/en\/wp-json\/wp\/v2\/product_brand?post=4667"},{"taxonomy":"product_cat","embeddable":true,"href":"https:\/\/www.chateaulegrandverdus.com\/en\/wp-json\/wp\/v2\/product_cat?post=4667"}],"curies":[{"name":"wp","href":"https:\/\/api.w.org\/{rel}","templated":true}]}}