{"id":842,"date":"2020-12-07T10:31:18","date_gmt":"2020-12-07T09:31:18","guid":{"rendered":"https:\/\/www.chateaulegrandverdus.com\/?post_type=product&#038;p=842"},"modified":"2025-02-17T16:26:30","modified_gmt":"2025-02-17T15:26:30","slug":"grand-verdus-bordeaux-blanc-sec","status":"publish","type":"product","link":"https:\/\/www.chateaulegrandverdus.com\/en\/produit\/grand-verdus-bordeaux-blanc-sec\/","title":{"rendered":"Grand Verdus Blanc"},"content":{"rendered":"<p>Frais et \u00e9clatant, il s\u2019identifie par son caract\u00e8re aromatique d\u2019une remarquable intensit\u00e9. Il s\u00e9duit \u00e0 travers de d\u00e9licieuses notes fruit\u00e9es et de fleurs blanches. Son \u00e9quilibre, sur la min\u00e9ralit\u00e9, est tout en longueur et fra\u00eecheur.<\/p>\n","protected":false},"excerpt":{"rendered":"Frais et \u00e9clatant, il s\u2019identifie par son caract\u00e8re aromatique d\u2019une remarquable intensit\u00e9. Il s\u00e9duit \u00e0 travers de d\u00e9licieuses notes fruit\u00e9es et de fleurs blanches. Son \u00e9quilibre, sur la min\u00e9ralit\u00e9, est tout en longueur et fra\u00eecheur.","protected":false},"featured_media":1355,"template":"","meta":{"_acf_changed":false},"product_brand":[],"product_cat":[50],"class_list":{"0":"post-842","1":"product","2":"type-product","3":"status-publish","4":"has-post-thumbnail","6":"product_cat-vins","7":"product_tag-barbecue","8":"product_tag-volaille","9":"pa_format-1-bouteille","10":"pa_format-1-carton-de-6-bouteilles","11":"gamme-3-couleurs","12":"appellation-bordeaux-blanc","13":"vin-bordeaux-blanc","14":"format-bouteille","15":"certification-bio","17":"first","18":"instock","19":"taxable","20":"shipping-taxable","21":"purchasable","22":"product-type-variable","23":"has-default-attributes"},"acf":[],"yoast_head":"<!-- This site is optimized with the Yoast SEO plugin v27.5 - https:\/\/yoast.com\/product\/yoast-seo-wordpress\/ -->\n<title>Grand Verdus Blanc &#8226; Ch\u00e2teau Le Grand Verdus<\/title>\n<meta name=\"description\" content=\"Un Bordeaux Blanc frais et \u00e9clatant, un caract\u00e8re aromatique d\u2019une remarquable intensit\u00e9. Il s\u00e9duit \u00e0 travers ses notes fruit\u00e9es et de fleurs blanches.\" \/>\n<meta name=\"robots\" content=\"index, follow, max-snippet:-1, max-image-preview:large, max-video-preview:-1\" \/>\n<link rel=\"canonical\" href=\"https:\/\/www.chateaulegrandverdus.com\/en\/produit\/grand-verdus-bordeaux-blanc-sec\/\" \/>\n<meta property=\"og:locale\" content=\"en_US\" \/>\n<meta property=\"og:type\" content=\"article\" \/>\n<meta property=\"og:title\" content=\"Grand Verdus Blanc &#8226; Ch\u00e2teau Le Grand Verdus\" \/>\n<meta property=\"og:description\" content=\"Un Bordeaux Blanc frais et \u00e9clatant, un caract\u00e8re aromatique d\u2019une remarquable intensit\u00e9. Il s\u00e9duit \u00e0 travers ses notes fruit\u00e9es et de fleurs blanches.\" \/>\n<meta property=\"og:url\" content=\"https:\/\/www.chateaulegrandverdus.com\/en\/produit\/grand-verdus-bordeaux-blanc-sec\/\" \/>\n<meta property=\"og:site_name\" content=\"Ch\u00e2teau Le Grand Verdus\" \/>\n<meta property=\"article:modified_time\" content=\"2025-02-17T15:26:30+00:00\" \/>\n<meta property=\"og:image\" content=\"https:\/\/www.chateaulegrandverdus.com\/wp-content\/uploads\/2020\/12\/CHATEAU-LE-GRAND-VERDUS-BDX-BLANC-2.png\" \/>\n\t<meta property=\"og:image:width\" content=\"300\" \/>\n\t<meta property=\"og:image:height\" content=\"745\" \/>\n\t<meta property=\"og:image:type\" content=\"image\/png\" \/>\n<meta name=\"twitter:card\" content=\"summary_large_image\" \/>\n<meta name=\"twitter:label1\" content=\"Est. reading time\" \/>\n\t<meta name=\"twitter:data1\" content=\"1 minute\" \/>\n<script type=\"application\/ld+json\" class=\"yoast-schema-graph\">{\"@context\":\"https:\\\/\\\/schema.org\",\"@graph\":[{\"@type\":\"WebPage\",\"@id\":\"https:\\\/\\\/www.chateaulegrandverdus.com\\\/en\\\/produit\\\/grand-verdus-bordeaux-blanc-sec\\\/\",\"url\":\"https:\\\/\\\/www.chateaulegrandverdus.com\\\/en\\\/produit\\\/grand-verdus-bordeaux-blanc-sec\\\/\",\"name\":\"Grand Verdus Blanc &#8226; Ch\u00e2teau Le Grand Verdus\",\"isPartOf\":{\"@id\":\"https:\\\/\\\/www.chateaulegrandverdus.com\\\/en\\\/#website\"},\"primaryImageOfPage\":{\"@id\":\"https:\\\/\\\/www.chateaulegrandverdus.com\\\/en\\\/produit\\\/grand-verdus-bordeaux-blanc-sec\\\/#primaryimage\"},\"image\":{\"@id\":\"https:\\\/\\\/www.chateaulegrandverdus.com\\\/en\\\/produit\\\/grand-verdus-bordeaux-blanc-sec\\\/#primaryimage\"},\"thumbnailUrl\":\"https:\\\/\\\/www.chateaulegrandverdus.com\\\/wp-content\\\/uploads\\\/2020\\\/12\\\/CHATEAU-LE-GRAND-VERDUS-BDX-BLANC-2.png\",\"datePublished\":\"2020-12-07T09:31:18+00:00\",\"dateModified\":\"2025-02-17T15:26:30+00:00\",\"description\":\"Un Bordeaux Blanc frais et \u00e9clatant, un caract\u00e8re aromatique d\u2019une remarquable intensit\u00e9. Il s\u00e9duit \u00e0 travers ses notes fruit\u00e9es et de fleurs blanches.\",\"breadcrumb\":{\"@id\":\"https:\\\/\\\/www.chateaulegrandverdus.com\\\/en\\\/produit\\\/grand-verdus-bordeaux-blanc-sec\\\/#breadcrumb\"},\"inLanguage\":\"en-US\",\"potentialAction\":[{\"@type\":\"ReadAction\",\"target\":[\"https:\\\/\\\/www.chateaulegrandverdus.com\\\/en\\\/produit\\\/grand-verdus-bordeaux-blanc-sec\\\/\"]}]},{\"@type\":\"ImageObject\",\"inLanguage\":\"en-US\",\"@id\":\"https:\\\/\\\/www.chateaulegrandverdus.com\\\/en\\\/produit\\\/grand-verdus-bordeaux-blanc-sec\\\/#primaryimage\",\"url\":\"https:\\\/\\\/www.chateaulegrandverdus.com\\\/wp-content\\\/uploads\\\/2020\\\/12\\\/CHATEAU-LE-GRAND-VERDUS-BDX-BLANC-2.png\",\"contentUrl\":\"https:\\\/\\\/www.chateaulegrandverdus.com\\\/wp-content\\\/uploads\\\/2020\\\/12\\\/CHATEAU-LE-GRAND-VERDUS-BDX-BLANC-2.png\",\"width\":300,\"height\":745},{\"@type\":\"BreadcrumbList\",\"@id\":\"https:\\\/\\\/www.chateaulegrandverdus.com\\\/en\\\/produit\\\/grand-verdus-bordeaux-blanc-sec\\\/#breadcrumb\",\"itemListElement\":[{\"@type\":\"ListItem\",\"position\":1,\"name\":\"Accueil\",\"item\":\"https:\\\/\\\/www.chateaulegrandverdus.com\\\/en\\\/\"},{\"@type\":\"ListItem\",\"position\":2,\"name\":\"e-Boutique\",\"item\":\"https:\\\/\\\/www.chateaulegrandverdus.com\\\/e-boutique\\\/\"},{\"@type\":\"ListItem\",\"position\":3,\"name\":\"Grand Verdus Blanc\"}]},{\"@type\":\"WebSite\",\"@id\":\"https:\\\/\\\/www.chateaulegrandverdus.com\\\/en\\\/#website\",\"url\":\"https:\\\/\\\/www.chateaulegrandverdus.com\\\/en\\\/\",\"name\":\"Ch\u00e2teau Le Grand Verdus\",\"description\":\"\",\"publisher\":{\"@id\":\"https:\\\/\\\/www.chateaulegrandverdus.com\\\/en\\\/#organization\"},\"potentialAction\":[{\"@type\":\"SearchAction\",\"target\":{\"@type\":\"EntryPoint\",\"urlTemplate\":\"https:\\\/\\\/www.chateaulegrandverdus.com\\\/en\\\/?s={search_term_string}\"},\"query-input\":{\"@type\":\"PropertyValueSpecification\",\"valueRequired\":true,\"valueName\":\"search_term_string\"}}],\"inLanguage\":\"en-US\"},{\"@type\":\"Organization\",\"@id\":\"https:\\\/\\\/www.chateaulegrandverdus.com\\\/en\\\/#organization\",\"name\":\"Ch\u00e2teau Le Grand Verdus\",\"url\":\"https:\\\/\\\/www.chateaulegrandverdus.com\\\/en\\\/\",\"logo\":{\"@type\":\"ImageObject\",\"inLanguage\":\"en-US\",\"@id\":\"https:\\\/\\\/www.chateaulegrandverdus.com\\\/en\\\/#\\\/schema\\\/logo\\\/image\\\/\",\"url\":\"https:\\\/\\\/www.chateaulegrandverdus.com\\\/wp-content\\\/uploads\\\/2020\\\/12\\\/logo-le-grand-verdus.png\",\"contentUrl\":\"https:\\\/\\\/www.chateaulegrandverdus.com\\\/wp-content\\\/uploads\\\/2020\\\/12\\\/logo-le-grand-verdus.png\",\"width\":200,\"height\":109,\"caption\":\"Ch\u00e2teau Le Grand Verdus\"},\"image\":{\"@id\":\"https:\\\/\\\/www.chateaulegrandverdus.com\\\/en\\\/#\\\/schema\\\/logo\\\/image\\\/\"}}]}<\/script>\n<!-- \/ Yoast SEO plugin. -->","yoast_head_json":{"title":"Grand Verdus Blanc &#8226; Ch\u00e2teau Le Grand Verdus","description":"Un Bordeaux Blanc frais et \u00e9clatant, un caract\u00e8re aromatique d\u2019une remarquable intensit\u00e9. Il s\u00e9duit \u00e0 travers ses notes fruit\u00e9es et de fleurs blanches.","robots":{"index":"index","follow":"follow","max-snippet":"max-snippet:-1","max-image-preview":"max-image-preview:large","max-video-preview":"max-video-preview:-1"},"canonical":"https:\/\/www.chateaulegrandverdus.com\/en\/produit\/grand-verdus-bordeaux-blanc-sec\/","og_locale":"en_US","og_type":"article","og_title":"Grand Verdus Blanc &#8226; Ch\u00e2teau Le Grand Verdus","og_description":"Un Bordeaux Blanc frais et \u00e9clatant, un caract\u00e8re aromatique d\u2019une remarquable intensit\u00e9. Il s\u00e9duit \u00e0 travers ses notes fruit\u00e9es et de fleurs blanches.","og_url":"https:\/\/www.chateaulegrandverdus.com\/en\/produit\/grand-verdus-bordeaux-blanc-sec\/","og_site_name":"Ch\u00e2teau Le Grand Verdus","article_modified_time":"2025-02-17T15:26:30+00:00","og_image":[{"width":300,"height":745,"url":"https:\/\/www.chateaulegrandverdus.com\/wp-content\/uploads\/2020\/12\/CHATEAU-LE-GRAND-VERDUS-BDX-BLANC-2.png","type":"image\/png"}],"twitter_card":"summary_large_image","twitter_misc":{"Est. reading time":"1 minute"},"schema":{"@context":"https:\/\/schema.org","@graph":[{"@type":"WebPage","@id":"https:\/\/www.chateaulegrandverdus.com\/en\/produit\/grand-verdus-bordeaux-blanc-sec\/","url":"https:\/\/www.chateaulegrandverdus.com\/en\/produit\/grand-verdus-bordeaux-blanc-sec\/","name":"Grand Verdus Blanc &#8226; Ch\u00e2teau Le Grand Verdus","isPartOf":{"@id":"https:\/\/www.chateaulegrandverdus.com\/en\/#website"},"primaryImageOfPage":{"@id":"https:\/\/www.chateaulegrandverdus.com\/en\/produit\/grand-verdus-bordeaux-blanc-sec\/#primaryimage"},"image":{"@id":"https:\/\/www.chateaulegrandverdus.com\/en\/produit\/grand-verdus-bordeaux-blanc-sec\/#primaryimage"},"thumbnailUrl":"https:\/\/www.chateaulegrandverdus.com\/wp-content\/uploads\/2020\/12\/CHATEAU-LE-GRAND-VERDUS-BDX-BLANC-2.png","datePublished":"2020-12-07T09:31:18+00:00","dateModified":"2025-02-17T15:26:30+00:00","description":"Un Bordeaux Blanc frais et \u00e9clatant, un caract\u00e8re aromatique d\u2019une remarquable intensit\u00e9. Il s\u00e9duit \u00e0 travers ses notes fruit\u00e9es et de fleurs blanches.","breadcrumb":{"@id":"https:\/\/www.chateaulegrandverdus.com\/en\/produit\/grand-verdus-bordeaux-blanc-sec\/#breadcrumb"},"inLanguage":"en-US","potentialAction":[{"@type":"ReadAction","target":["https:\/\/www.chateaulegrandverdus.com\/en\/produit\/grand-verdus-bordeaux-blanc-sec\/"]}]},{"@type":"ImageObject","inLanguage":"en-US","@id":"https:\/\/www.chateaulegrandverdus.com\/en\/produit\/grand-verdus-bordeaux-blanc-sec\/#primaryimage","url":"https:\/\/www.chateaulegrandverdus.com\/wp-content\/uploads\/2020\/12\/CHATEAU-LE-GRAND-VERDUS-BDX-BLANC-2.png","contentUrl":"https:\/\/www.chateaulegrandverdus.com\/wp-content\/uploads\/2020\/12\/CHATEAU-LE-GRAND-VERDUS-BDX-BLANC-2.png","width":300,"height":745},{"@type":"BreadcrumbList","@id":"https:\/\/www.chateaulegrandverdus.com\/en\/produit\/grand-verdus-bordeaux-blanc-sec\/#breadcrumb","itemListElement":[{"@type":"ListItem","position":1,"name":"Accueil","item":"https:\/\/www.chateaulegrandverdus.com\/en\/"},{"@type":"ListItem","position":2,"name":"e-Boutique","item":"https:\/\/www.chateaulegrandverdus.com\/e-boutique\/"},{"@type":"ListItem","position":3,"name":"Grand Verdus Blanc"}]},{"@type":"WebSite","@id":"https:\/\/www.chateaulegrandverdus.com\/en\/#website","url":"https:\/\/www.chateaulegrandverdus.com\/en\/","name":"Ch\u00e2teau Le Grand Verdus","description":"","publisher":{"@id":"https:\/\/www.chateaulegrandverdus.com\/en\/#organization"},"potentialAction":[{"@type":"SearchAction","target":{"@type":"EntryPoint","urlTemplate":"https:\/\/www.chateaulegrandverdus.com\/en\/?s={search_term_string}"},"query-input":{"@type":"PropertyValueSpecification","valueRequired":true,"valueName":"search_term_string"}}],"inLanguage":"en-US"},{"@type":"Organization","@id":"https:\/\/www.chateaulegrandverdus.com\/en\/#organization","name":"Ch\u00e2teau Le Grand Verdus","url":"https:\/\/www.chateaulegrandverdus.com\/en\/","logo":{"@type":"ImageObject","inLanguage":"en-US","@id":"https:\/\/www.chateaulegrandverdus.com\/en\/#\/schema\/logo\/image\/","url":"https:\/\/www.chateaulegrandverdus.com\/wp-content\/uploads\/2020\/12\/logo-le-grand-verdus.png","contentUrl":"https:\/\/www.chateaulegrandverdus.com\/wp-content\/uploads\/2020\/12\/logo-le-grand-verdus.png","width":200,"height":109,"caption":"Ch\u00e2teau Le Grand Verdus"},"image":{"@id":"https:\/\/www.chateaulegrandverdus.com\/en\/#\/schema\/logo\/image\/"}}]}},"_links":{"self":[{"href":"https:\/\/www.chateaulegrandverdus.com\/en\/wp-json\/wp\/v2\/product\/842","targetHints":{"allow":["GET"]}}],"collection":[{"href":"https:\/\/www.chateaulegrandverdus.com\/en\/wp-json\/wp\/v2\/product"}],"about":[{"href":"https:\/\/www.chateaulegrandverdus.com\/en\/wp-json\/wp\/v2\/types\/product"}],"wp:featuredmedia":[{"embeddable":true,"href":"https:\/\/www.chateaulegrandverdus.com\/en\/wp-json\/wp\/v2\/media\/1355"}],"wp:attachment":[{"href":"https:\/\/www.chateaulegrandverdus.com\/en\/wp-json\/wp\/v2\/media?parent=842"}],"wp:term":[{"taxonomy":"product_brand","embeddable":true,"href":"https:\/\/www.chateaulegrandverdus.com\/en\/wp-json\/wp\/v2\/product_brand?post=842"},{"taxonomy":"product_cat","embeddable":true,"href":"https:\/\/www.chateaulegrandverdus.com\/en\/wp-json\/wp\/v2\/product_cat?post=842"}],"curies":[{"name":"wp","href":"https:\/\/api.w.org\/{rel}","templated":true}]}}